{"id":334,"date":"2017-01-11T10:59:39","date_gmt":"2017-01-11T10:59:39","guid":{"rendered":"https:\/\/www.ibewcanada.ca\/?page_id=334"},"modified":"2024-12-03T16:39:35","modified_gmt":"2024-12-03T21:39:35","slug":"videos","status":"publish","type":"page","link":"https:\/\/www.ibewcanada.ca\/fr\/videos\/","title":{"rendered":"Vid\u00e9os"},"content":{"rendered":"<p class=\"emphasized aligncenter\">Nous sommes l\u00e0 pour vous, m\u00eame pendant les annonces publicitaires.<\/p>\n<p>Nous pouvons continuer \u00e0 vous parler de nos r\u00e9alisations depuis ces 125 derni\u00e8res ann\u00e9es, mais nous pr\u00e9f\u00e9rons vous le montrer.<\/p>\n<p>Une fois termin\u00e9, on vous invite \u00e0 parcourir notre collection de vid\u00e9os provenant de tous les coins du Canada.<\/p>\n<h5 style=\"text-align: center;\">Prenez note que les vid\u00e9os sont en anglais seulement<\/h5>\n<div class='video-entries'><div class='row'><div class='col'><div class='video-wrapper'><div style=\"width:100%; aspect-ratio:16\/9; height:auto;\"><iframe src=\"https:\/\/player.vimeo.com\/video\/1112434802?badge=0&amp;autopause=0&amp;player_id=0&amp;app_id=58479\" frameborder=\"0\" allow=\"autoplay; fullscreen; picture-in-picture; clipboard-write; encrypted-media; web-share\" referrerpolicy=\"strict-origin-when-cross-origin\" style=\"position:absolute;top:0;left:0;width:100%;height:100%;\" title=\"Conference Canadienne annuelle 2025 de la FIOE\"><\/iframe><\/div><script src=\"https:\/\/player.vimeo.com\/api\/player.js\"><\/script><\/div><p><strong>Conference Canadienne annuelle 2025 de la FIOE<\/strong><\/p><\/div><div class='col'><div class='video-wrapper'><div style=\"width:100%; aspect-ratio:16\/9; height:auto;\"><iframe src=\"https:\/\/player.vimeo.com\/video\/1112452109?badge=0&amp;autopause=0&amp;player_id=0&amp;app_id=58479\" frameborder=\"0\" allow=\"autoplay; fullscreen; picture-in-picture; clipboard-write; encrypted-media; web-share\" referrerpolicy=\"strict-origin-when-cross-origin\" style=\"position:absolute;top:0;left:0;width:100%;height:100%;\" title=\"Caucus des femmes 2025 de la FIOE Canada\"><\/iframe><\/div><script src=\"https:\/\/player.vimeo.com\/api\/player.js\"><\/script><\/div><p><strong>Caucus des femmes 2025 de la FIOE Canada<\/strong><\/p><\/div><\/div><div class='row'><div class='col'><div class='video-wrapper'><div style=\"width:100%; aspect-ratio:16\/9; height:auto;\"><iframe src=\"https:\/\/player.vimeo.com\/video\/1117078964?badge=0&amp;autopause=0&amp;player_id=0&amp;app_id=58479\" frameborder=\"0\" allow=\"autoplay; fullscreen; picture-in-picture; clipboard-write; encrypted-media; web-share\" referrerpolicy=\"strict-origin-when-cross-origin\" style=\"position:absolute;top:0;left:0;width:100%;height:100%;\" title=\"Caucus NextGen 2025 de la FIOE Canada\"><\/iframe><\/div><script src=\"https:\/\/player.vimeo.com\/api\/player.js\"><\/script><\/div><p><strong>Caucus NextGen 2025 de la FIOE Canada<\/strong><\/p><\/div><div class='col'><div class='video-wrapper'><div style=\"width:100%; aspect-ratio:16\/9; height:auto;\"><iframe src=\"https:\/\/player.vimeo.com\/video\/1117065593?badge=0&amp;autopause=0&amp;player_id=0&amp;app_id=58479\" frameborder=\"0\" allow=\"autoplay; fullscreen; picture-in-picture; clipboard-write; encrypted-media; web-share\" referrerpolicy=\"strict-origin-when-cross-origin\" style=\"position:absolute;top:0;left:0;width:100%;height:100%;\" title=\"Caucus des militaires \u00e1 la retraite 2025 de la FIOE Canada\"><\/iframe><\/div><script src=\"https:\/\/player.vimeo.com\/api\/player.js\"><\/script><\/div><p><strong>Caucus des militaires \u00e1 la retraite 2025 de la FIOE Canada<\/strong><\/p><\/div><\/div><div class='row'><div class='col'><div class='video-wrapper'><div style=\"width:100%; aspect-ratio:16\/9; height:auto;\"><iframe src=\"https:\/\/player.vimeo.com\/video\/1112426019?badge=0&amp;autopause=0&amp;player_id=0&amp;app_id=58479\" frameborder=\"0\" allow=\"autoplay; fullscreen; picture-in-picture; clipboard-write; encrypted-media; web-share\" referrerpolicy=\"strict-origin-when-cross-origin\" title=\"2025 IBEW Canada Organizing Blitz - Moncton, New Brunswick\"><\/iframe><\/div><p><strong>2025 Membership Development Blitz &#8211; Moncton, New Brunswick<\/strong><\/p><\/div><div class='col'><div class='video-wrapper'><div style=\"width:100%; aspect-ratio:16\/9; height:auto;\"><iframe src=\"https:\/\/player.vimeo.com\/video\/1096422188?badge=0&amp;autopause=0&amp;player_id=0&amp;app_id=58479\" frameborder=\"0\" allow=\"autoplay; fullscreen; picture-in-picture; clipboard-write; encrypted-media; web-share\" referrerpolicy=\"strict-origin-when-cross-origin\" style=\"position:absolute;top:0;left:0;width:100%;height:100%;\" title=\"Conf\u00e9rence Canadienne sur la croissance de l'affiliation syndicale 2025\"><\/iframe><\/div><script src=\"https:\/\/player.vimeo.com\/api\/player.js\"><\/script><\/div><p><strong>Conf\u00e9rence Canadienne sur la croissance de l&#8217;affiliation syndicale 2025<\/strong><\/p><\/div><\/div><div class='row'><div class='col'><div class='video-wrapper'><div style=\"width:100%; aspect-ratio:16\/9; height:auto;\"><iframe src=\"https:\/\/player.vimeo.com\/video\/1085322167?title=0&amp;byline=0&amp;portrait=0&amp;badge=0&amp;autopause=0&amp;player_id=0&amp;app_id=58479\" frameborder=\"0\" allow=\"autoplay; fullscreen; picture-in-picture; clipboard-write; encrypted-media\" title=\"Message from IVP Shewchuk - Happy Victoria Day!\"><\/iframe><\/div><p><strong>Message from IVP Shewchuk &#8211; Happy Victoria Day!<\/strong><\/p><\/div><div class='col'><div class='video-wrapper'><iframe src=\"https:\/\/player.vimeo.com\/video\/1063768047?badge=0&amp;autopause=0&amp;player_id=0&amp;app_id=58479\" width=\"1920\" height=\"1080\" frameborder=\"0\" allow=\"autoplay; fullscreen; picture-in-picture; clipboard-write; encrypted-media\" style=\"position:absolute;top:0;left:0;width:100%;height:100%;\" title=\"Celebrating International Women's Day\"><\/iframe><\/div><script src=\"https:\/\/player.vimeo.com\/api\/player.js\"><\/script><\/div><p><strong>Bonne journ\u00e9e internationale des femmes<\/strong><\/p><\/div><\/div><div class='row'><div class='col'><div class='video-wrapper'><div style=\"width:100%; aspect-ratio:16\/9; height:auto;\"><iframe src=\"https:\/\/player.vimeo.com\/video\/1039021410?badge=0&amp;autopause=0&amp;player_id=0&amp;app_id=58479\" frameborder=\"0\" allow=\"autoplay; fullscreen; picture-in-picture; clipboard-write\" style=\"position:absolute;top:0;left:0;width:100%;height:100%;\" title=\"Seasons Greetings from IBEW Canada\"><\/iframe><\/div><script src=\"https:\/\/player.vimeo.com\/api\/player.js\"><\/script><\/div><p><strong>Meilleurs v\u0153ux \u00e0 nos cons\u0153urs et \u00e0 nos confr\u00e8res<\/strong><\/p><\/div><div class='col'><div class='video-wrapper'><div style=\"width:100%; aspect-ratio:16\/9; height:auto;\"><iframe src=\"https:\/\/player.vimeo.com\/video\/1018648456?badge=0&amp;autopause=0&amp;player_id=0&amp;app_id=58479\" frameborder=\"0\" allow=\"autoplay; fullscreen; picture-in-picture; clipboard-write\" style=\"position:absolute;top:0;left:0;width:100%;height:100%;\" title=\"Thanksgiving Message\"><\/iframe><\/div><script src=\"https:\/\/player.vimeo.com\/api\/player.js\"><\/script><\/div><p><strong>Message vid\u00e9o du VPI, Russ Shewchuk; joyeuse Action de gr\u00e2ces!<\/strong><\/p><\/div><\/div><div class='row'><div class='col'><div class='video-wrapper'><div style=\"padding:56.25% 0 0 0;position:relative;\"><iframe src=\"https:\/\/player.vimeo.com\/video\/1013673491?badge=0&amp;autopause=0&amp;player_id=0&amp;app_id=58479\" width=\"1920\" height=\"1080\" frameborder=\"0\" allow=\"autoplay; fullscreen; picture-in-picture; clipboard-write\" style=\"position:absolute;top:0;left:0;width:100%;height:100%;\" title=\"Message from IVP Shewchuk on The National Day For Truth and Reconciliation\"><\/iframe><\/div><script src=\"https:\/\/player.vimeo.com\/api\/player.js\"><\/script><\/div><p><strong>Message from IVP Shewchuk Regarding the National Day for Truth and Reconciliation<\/strong><\/p><\/div><div class='col'><div class='video-wrapper'><div style=\"padding:56.25% 0 0 0;position:relative;\"><iframe src=\"https:\/\/player.vimeo.com\/video\/1006251852?badge=0&amp;autopause=0&amp;player_id=0&amp;app_id=58479\" width=\"1920\" height=\"1080\" frameborder=\"0\" allow=\"autoplay; fullscreen; picture-in-picture; clipboard-write\" style=\"position:absolute;top:0;left:0;width:100%;height:100%;\" title=\"240829_MDC_PGM_RS_Speech\"><\/iframe><\/div><script src=\"https:\/\/player.vimeo.com\/api\/player.js\"><\/script><\/div><p><strong>IVP Shewchuk Accepts Award for Highest Total Membership Growth on Behalf of IBEW First District<\/strong><\/p><\/div><\/div><div class='row'><div class='col'><div class='video-wrapper'><div style=\"padding:56.2% 0 0 0;position:relative;\"><iframe src=\"https:\/\/player.vimeo.com\/video\/1004699385?badge=0&amp;autopause=0&amp;player_id=0&amp;app_id=58479\" width=\"1920\" height=\"1080\" frameborder=\"0\" allow=\"autoplay; fullscreen; picture-in-picture; clipboard-write\" style=\"position:absolute;top:0;left:0;width:100%;height:100%;\" title=\"Labour Day 2024 - Message From IVP Shewchuk\"><\/iframe><\/div><script src=\"https:\/\/player.vimeo.com\/api\/player.js\"><\/script><\/div><p><strong>Labour Day Message from IVP Shewchuk<\/strong><\/p><\/div><div class='col'><div class='video-wrapper'><iframe width=512 height=330 src='https:\/\/www.c-span.org\/video\/standalone\/?c5128755\/kenneth-w-cooper' allowfullscreen='allowfullscreen' frameborder=0><\/iframe><\/div><p><strong>IBEW IP Ken Cooper Addresses Delegates at DNC<\/strong><\/p><\/div><\/div><div class='row'><div class='col'><div class='video-wrapper'><iframe src=\"https:\/\/player.vimeo.com\/video\/1000827284?badge=0&amp;autopause=0&amp;player_id=0&amp;app_id=58479\" width=\"1920\" height=\"1080\" frameborder=\"0\" allow=\"autoplay; fullscreen; picture-in-picture; clipboard-write\" title=\"IBEW Canada 2024 Membership Development Conference Recap\"><\/iframe><\/div><p><strong>IBEW Canada 2024 Membership Development Conference Recap<\/strong><\/p><\/div><div class='col'><div class='video-wrapper'><iframe src=\"https:\/\/player.vimeo.com\/video\/992021793?badge=0&amp;autopause=0&amp;player_id=0&amp;app_id=58479\" width=\"1920\" height=\"1080\" frameborder=\"0\" allow=\"autoplay; fullscreen; picture-in-picture; clipboard-write\" title=\"VP Insights E.02 - \u00abFormation des formateurs \u00bb\"><\/iframe><\/div><p><strong>(fran\u00e7ais) IVP Insights E.02 &#8211; \u00ab Formation des formateurs \u00bb<\/strong><\/p><\/div><\/div><div class='row'><div class='col'><div class='video-wrapper'><iframe src=\"https:\/\/player.vimeo.com\/video\/991545635?badge=0&amp;autopause=0&amp;player_id=0&amp;app_id=58479\" width=\"1920\" height=\"1080\" frameborder=\"0\" allow=\"autoplay; fullscreen; picture-in-picture; clipboard-write\" title=\"Train-the-Trainer\"><\/iframe><\/div><p><strong>IVP Insights E. 02 &#8211; &#8220;Train-the-Trainer&#8221;<\/strong><\/p><\/div><div class='col'><div class='video-wrapper'><iframe src=\"https:\/\/player.vimeo.com\/video\/988960843?badge=0&amp;autopause=0&amp;player_id=0&amp;app_id=58479\" width=\"1920\" height=\"1080\" frameborder=\"0\" allow=\"autoplay; fullscreen; picture-in-picture; clipboard-write\" title=\"IBEW Canada 2024 Industry Stakeholder Reception ft. Mike Scott, President of Allteck Limited Partnership\"><\/iframe><\/div><p><strong>IBEW Canada 2024 Industry Stakeholder Reception ft. Mike Scott, President of Allteck Limited Partnership<\/strong><\/p><\/div><\/div><div class='row'><div class='col'><div class='video-wrapper'><iframe src=\"https:\/\/player.vimeo.com\/video\/981497120?badge=0&amp;autopause=0&amp;player_id=0&amp;app_id=58479\" width=\"1920\" height=\"1080\" frameborder=\"0\" allow=\"autoplay; fullscreen; picture-in-picture; clipboard-write\" title=\"IBEW Canada Membership Development Blitz in Kelowna, BC\"><\/iframe><\/div><p><strong>Membership Development Blitz in Kelowna, BC<\/strong><\/p><\/div><div class='col'><div class='video-wrapper'><iframe src=\"https:\/\/player.vimeo.com\/video\/978608998?badge=0&amp;autopause=0&amp;player_id=0&amp;app_id=58479\" width=\"1920\" height=\"1080\" frameborder=\"0\" allow=\"autoplay; fullscreen; picture-in-picture; clipboard-write\" title=\"IVP Insights 01 - Working With Government\"><\/iframe><\/div><p><strong>IVP Insights 01 &#8211; Working With Government<\/strong><\/p><\/div><\/div><div class='row'><div class='col'><div class='video-wrapper'><iframe width=\"560\" height=\"315\" src=\"https:\/\/www.youtube.com\/embed\/O6et4WY8udY?si=QVerMpJAImVPFXVM\" title=\"YouTube video player\" frameborder=\"0\" allow=\"accelerometer; autoplay; clipboard-write; encrypted-media; gyroscope; picture-in-picture; web-share\" referrerpolicy=\"strict-origin-when-cross-origin\" allowfullscreen><\/iframe><\/div><p><strong>Why we belong to the Canadian Building Trades: A Monumental Month For Labour In Canada<\/strong><\/p><\/div><div class='col'><div class='video-wrapper'><iframe src=\"https:\/\/player.vimeo.com\/video\/971051695?badge=0&amp;autopause=0&amp;player_id=0&amp;app_id=58479\" width=\"1920\" height=\"1080\" frameborder=\"0\" allow=\"autoplay; fullscreen; picture-in-picture; clipboard-write\" title=\"Happy Canada Day from IBEW IVP, Russ Shewchuk\"><\/iframe><\/div><p><strong>Happy Canada Day Message from IBEW IVP Russ Shewchuk<\/strong><\/p><\/div><\/div><div class='row'><div class='col'><div class='video-wrapper'><iframe src=https:\/\/player.vimeo.com\/video\/907975599?badge=0&amp;autopause=0&amp;player_id=0&amp;app_id=58479 frameborder=\"0\" allow=\"autoplay; fullscreen; picture-in-picture\" style=\"position:absolute;top:0;left:0;width:100%;height:100%;\" title=\"First District Industry Night\"><\/iframe><\/div><p><strong>IBEW Canada Industry Night 2023<\/strong><\/p><\/div><div class='col'><div class='video-wrapper'><iframe src=\"https:\/\/player.vimeo.com\/video\/862151081?h=185d464c88\" width=\"560\" height=\"315\" frameborder=\"0\" allow=\"autoplay; fullscreen; picture-in-picture\" allowfullscreen><\/iframe><\/div><p><strong>Victoire \u00e0 Ledcor de Vancouver<\/strong><\/p><\/div><\/div><div class='row'><div class='col'><div class='video-wrapper'><iframe src=\"https:\/\/player.vimeo.com\/video\/854867481?h=0b777a3c59\" width=\"560\" height=\"315\" frameborder=\"0\" allow=\"autoplay; fullscreen; picture-in-picture\" allowfullscreen><\/iframe><\/div><p><strong>Organisation syndicale \u00e0 Terre-Neuve<\/strong><\/p><\/div><div class='col'><div class='video-wrapper'><iframe src=\"https:\/\/player.vimeo.com\/video\/828093350?h=750168534c\" width=\"560\" height=\"315\" frameborder=\"0\" allow=\"autoplay; fullscreen; picture-in-picture\" allowfullscreen><\/iframe><\/div><p><strong>Conf\u00e9rence canadienne sur l&#8217;affiliation syndicale 2023 de la FIOE<\/strong><\/p><\/div><\/div><div class='row'><div class='col'><div class='video-wrapper'><iframe width=\"560\" height=\"315\" src=\"https:\/\/www.youtube.com\/embed\/F2iqr-D-VSs\" frameborder=\"0\" allow=\"accelerometer; autoplay; encrypted-media; gyroscope; picture-in-picture\" allowfullscreen><\/iframe><\/div><p><strong>Conf\u00e9rence canadienne destin\u00e9e au femmes 2019 de la FIOE<\/strong><\/p><\/div><div class='col'><div class='video-wrapper'><iframe width=\"560\" height=\"315\" src=\"https:\/\/www.youtube.com\/embed\/ty4SYqEmBIs\" frameborder=\"0\" allowfullscreen><\/iframe><\/div><p><strong>Code d\u2019excellence du secteur de la fabrication de la FIOE<\/strong><\/p><\/div><\/div><div class='row'><div class='col'><div class='video-wrapper'><iframe src=\"https:\/\/www.youtube.com\/embed\/U-zA5oJFZ38?rel=0\" width=\"560\" height=\"315\" frameborder=\"0\" allowfullscreen=\"allowfullscreen\"><\/iframe><\/div><p><strong>Code d\u2019excellence du secteur de la construction de la FIOE<\/strong><\/p><\/div><div class='col'><div class='video-wrapper'><video class=\"wp-video-shortcode\" id=\"video-3325-1\" width=\"640\" height=\"360\" poster=\"https:\/\/www.ibewcanada.ca\/wp-content\/uploads\/2017\/02\/IBEW_TV_FINAL_21051.png\" controls=\"controls\" preload=\"none\"><source type=\"video\/mp4\" src=\"https:\/\/www.ibewcanada.ca\/wp-content\/uploads\/2017\/02\/IBEW_TV_FINAL_2015-sm2.mp4\"><\/video><\/div><p><strong>Nous sommes l\u00e0 pour vous<\/strong><\/p><\/div><\/div><div class='row'><div class='col'><div class='video-wrapper'><iframe src=\"https:\/\/www.youtube.com\/embed\/hqG0lJq2rEs?rel=0\" width=\"560\" height=\"315\" frameborder=\"0\" allowfullscreen=\"allowfullscreen\"><\/iframe><\/div><p><strong>Publicit\u00e9 pancanadienne de la FIOE<\/strong><\/p><\/div><div class='col'><div class='video-wrapper'><iframe src=\"https:\/\/www.youtube.com\/embed\/0qvaL7GAq6I?rel=0\" width=\"560\" height=\"315\" frameborder=\"0\" allowfullscreen=\"allowfullscreen\"><\/iframe><\/div><p><strong>Code d\u2019excellence du secteur des services publics de la FIOE<\/strong><\/p><\/div><\/div><div class='row'><div class='col'><div class='video-wrapper'><iframe src=\"https:\/\/www.youtube.com\/embed\/yxn4br2nG5Q?rel=0\" width=\"560\" height=\"315\" frameborder=\"0\" allowfullscreen=\"allowfullscreen\"><\/iframe><\/div><p><strong>Comit\u00e9 consultatif RENEW<\/strong><\/p><\/div><div class='col'><div class='video-wrapper'><iframe src=\"https:\/\/www.youtube.com\/embed\/m8OYc1nj9DA?rel=0\" width=\"560\" height=\"315\" frameborder=\"0\" allowfullscreen=\"allowfullscreen\"><\/iframe><\/div><p><strong>Jour de deuil de la section locale 230<\/strong><\/p><\/div><\/div><div class='row'><div class='col'><div class='video-wrapper'><iframe src=\"https:\/\/www.youtube.com\/embed\/7w-w42PjF9g?rel=0\" width=\"560\" height=\"315\" frameborder=\"0\" allowfullscreen=\"allowfullscreen\"><\/iframe><\/div><p><strong>Section locale 115 de Quinte<\/strong><\/p><\/div><div class='col'><div class='video-wrapper'><iframe src=\"https:\/\/player.vimeo.com\/video\/79208533\" width=\"640\" height=\"468\" frameborder=\"0\" allowfullscreen=\"allowfullscreen\"><\/iframe><\/div><p><strong>Une carri\u00e8re \u00e0 NAV Canada<\/strong><\/p><\/div><\/div><div class='row'><div class='col'><div class='video-wrapper'><iframe src=\"https:\/\/www.youtube.com\/embed\/SREwwUgAfZE?rel=0\" width=\"560\" height=\"315\" frameborder=\"0\" allowfullscreen=\"allowfullscreen\"><\/iframe><\/div><p><strong>R\u00e9capitulation NextGen<\/strong><\/p><\/div><div class='col'><div class='video-wrapper'><iframe src=\"https:\/\/player.vimeo.com\/video\/91441510\" width=\"640\" height=\"360\" frameborder=\"0\" allowfullscreen=\"allowfullscreen\"><\/iframe><\/div><p><strong>L&#8217;excellence au travail, section locale 353<\/strong><\/p><\/div><\/div><div class='row'><div class='col'><div class='video-wrapper'><iframe src=\"https:\/\/www.youtube.com\/embed\/n79TUwtfmfU?rel=0\" width=\"560\" height=\"315\" frameborder=\"0\" allowfullscreen=\"allowfullscreen\"><\/iframe><\/div><p><strong>Centraide, section locale 230<\/strong><\/p><\/div><div class='col'><div class='video-wrapper'><iframe src=\"https:\/\/player.vimeo.com\/video\/91435113\" width=\"640\" height=\"360\" frameborder=\"0\" allowfullscreen=\"allowfullscreen\"><\/iframe><\/div><p><strong>Hammer Heads, section locale 353<\/strong><\/p><\/div><\/div><div class='row'><div class='col'><div class='video-wrapper'><iframe src=\"https:\/\/www.youtube.com\/embed\/_h5uCC1w-IU?rel=0\" width=\"560\" height=\"315\" frameborder=\"0\" allowfullscreen=\"allowfullscreen\"><\/iframe><\/div><p><strong>Vid\u00e9o des entrepreneurs, section locale 230<\/strong><\/p><\/div><div class='col'><div class='video-wrapper'><iframe src=\"https:\/\/www.youtube.com\/embed\/VfnTAPPteBE?rel=0\" width=\"560\" height=\"315\" frameborder=\"0\" allowfullscreen=\"allowfullscreen\"><\/iframe><\/div><p><strong>Vid\u00e9o sur les bienfaits pour les collectivit\u00e9s, section locale 230<\/strong><\/p><\/div><\/div><\/div>\n","protected":false},"excerpt":{"rendered":"<p>Nous sommes l\u00e0 pour vous, m\u00eame pendant les annonces publicitaires. Nous pouvons continuer \u00e0 vous parler de nos r\u00e9alisations depuis ces 125 derni\u00e8res ann\u00e9es, mais nous pr\u00e9f\u00e9rons vous le montrer. Une fois termin\u00e9, on vous invite \u00e0 parcourir notre collection de vid\u00e9os provenant de tous les coins du Canada. Prenez note que les vid\u00e9os sont&#8230;<\/p>\n","protected":false},"author":10,"featured_media":0,"parent":0,"menu_order":34,"comment_status":"closed","ping_status":"closed","template":"","meta":{"_acf_changed":false,"_genesis_hide_title":false,"_genesis_hide_breadcrumbs":false,"_genesis_hide_singular_image":false,"_genesis_hide_footer_widgets":false,"_genesis_custom_body_class":"","_genesis_custom_post_class":"","_genesis_layout":"","footnotes":""},"class_list":{"0":"post-334","1":"page","2":"type-page","3":"status-publish","5":"entry"},"translation":{"provider":"WPGlobus","version":"3.0.2","language":"fr","enabled_languages":["en","fr"],"languages":{"en":{"title":true,"content":true,"excerpt":false},"fr":{"title":true,"content":true,"excerpt":false}}},"acf":[],"_links":{"self":[{"href":"https:\/\/www.ibewcanada.ca\/fr\/wp-json\/wp\/v2\/pages\/334","targetHints":{"allow":["GET"]}}],"collection":[{"href":"https:\/\/www.ibewcanada.ca\/fr\/wp-json\/wp\/v2\/pages"}],"about":[{"href":"https:\/\/www.ibewcanada.ca\/fr\/wp-json\/wp\/v2\/types\/page"}],"author":[{"embeddable":true,"href":"https:\/\/www.ibewcanada.ca\/fr\/wp-json\/wp\/v2\/users\/10"}],"replies":[{"embeddable":true,"href":"https:\/\/www.ibewcanada.ca\/fr\/wp-json\/wp\/v2\/comments?post=334"}],"version-history":[{"count":0,"href":"https:\/\/www.ibewcanada.ca\/fr\/wp-json\/wp\/v2\/pages\/334\/revisions"}],"wp:attachment":[{"href":"https:\/\/www.ibewcanada.ca\/fr\/wp-json\/wp\/v2\/media?parent=334"}],"curies":[{"name":"wp","href":"https:\/\/api.w.org\/{rel}","templated":true}]}}