{"id":307,"date":"2017-01-10T15:55:54","date_gmt":"2017-01-10T15:55:54","guid":{"rendered":"https:\/\/www.ibewcanada.ca\/?page_id=307"},"modified":"2025-04-25T19:05:48","modified_gmt":"2025-04-25T23:05:48","slug":"ibew-history","status":"publish","type":"page","link":"https:\/\/www.ibewcanada.ca\/fr\/ibew-history\/","title":{"rendered":"Historique de la FIOE"},"content":{"rendered":"<p class=\"emphasized aligncenter\">Nous avons toujours \u00e9t\u00e9 l\u00e0 pour le Canada et pour vous.<\/p>\n<div class=\"custom-two-col\">\n<div class=\"col right\">\n<p><img decoding=\"async\" class=\"vc_single_image-img \" src=\"https:\/\/www.ibewcanada.ca\/wp-content\/uploads\/2017\/01\/IBEW-HistoryPic_4.gif\" alt=\"IBEW History\" \/><img decoding=\"async\" class=\"vc_single_image-img \" src=\"https:\/\/www.ibewcanada.ca\/wp-content\/uploads\/2017\/01\/p25_IBEW.jpg\" alt=\"IBEW History\" \/><\/p>\n<p><strong class=\"aligncenter red\">La FNOE a vite r\u00e9alis\u00e9 son engagement \u00e0 assurer la s\u00e9curit\u00e9 des travailleurs. Le 20 d\u00e9cembre 1899, la filiale canadienne de la FNOE s\u2019implante \u00e0 Ottawa. \u00c0 la sixi\u00e8me conf\u00e9rence de cette m\u00eame ann\u00e9e, la fraternit\u00e9 nationale des ouvriers en \u00e9lectricit\u00e9 a aussit\u00f4t \u00e9t\u00e9 modifi\u00e9e pour la fraternit\u00e9 internationale des ouvriers en \u00e9lectricit\u00e9 (FIOE).<\/strong><\/p>\n<\/div>\n<div class=\"col left\">La fin des ann\u00e9es 1800 a connu une augmentation exponentielle en consommation \u00e9lectrique ce qui a entra\u00een\u00e9 une augmentation du nombre d\u2019\u00e9lectriciens. \u00c0 cette \u00e9poque, les employeurs se souciaient tr\u00e8s peu de la s\u00e9curit\u00e9 de leurs employ\u00e9s. Casque de s\u00e9curit\u00e9? Qui en a besoin? Harnais de s\u00e9curit\u00e9? Qu\u2019est-ce qu\u2019est un harnais? Pas de formation? Qui a besoin d\u2019une formation?<br \/>\nLes ouvriers en \u00e9lectricit\u00e9 raccordaient et r\u00e9paraient les lignes \u00e9lectriques sur lesquelles ils travaillaient douze heures par jour, sept jours par semaine sans aucun m\u00e9canisme de s\u00e9curit\u00e9 sur place. Rien du tout. Ils menaient leurs travaux sous la pluie, la neige, la gr\u00eale, les foudres et toute autre condition climatique decid\u00e9e par m\u00e8re nature. Pas de soucis si le travail est effectu\u00e9 depuis l&#8217;int\u00e9rieur, mais d&#8217;\u00eatre\u00a0situ\u00e9s \u00e0 des dizaines de pieds au-dessus du sol sans aucune consideration\u00a0 pour la s\u00e9curit\u00e9 ? \u00a0Il va sans dire que cela pouvait \u00eatre inqui\u00e9tant.<\/div>\n<div><\/div>\n<div class=\"col left\">\n<p>De pire en mieux, ils ont r\u00e9ussi \u00e0 mener leurs travaux avec succ\u00e8s sans m\u00eame avoir suivi de formation dans le cadre de leurs fonctions. Le 28 novembre 1891 la fraternit\u00e9 national des ouvriers en \u00e9lectricit\u00e9 a donc \u00e9t\u00e9 cr\u00e9\u00e9e \u00e0 St. Louis, Missouri; repr\u00e9sentant 286 membres oeuvrant dans l\u2019industrie \u00e9lectrique. Quelle \u00e9tait le but ? De prot\u00e9ger les personnes qui accomplissaient une des t\u00e2ches les plus difficiles au pays. La FNOE a vite r\u00e9alis\u00e9 son engagement \u00e0 assurer la s\u00e9curit\u00e9 des travailleurs. Le 20 d\u00e9cembre 1899, la filiale canadienne de la FNOE s\u2019implante \u00e0 Ottawa. \u00c0 la sixi\u00e8me conf\u00e9rence de cette m\u00eame ann\u00e9e, la fraternit\u00e9 nationale des ouvriers en \u00e9lectricit\u00e9 a aussit\u00f4t \u00e9t\u00e9 modifi\u00e9e pour la fraternit\u00e9 internationale des ouvriers en \u00e9lectricit\u00e9 (FIOE).Aujourd\u2019hui, nous repr\u00e9sentons plus de 70 000 membres dans chaque territoire et province, et ce d\u2019un bout \u00e0 l\u2019autre du pays. Comme le pays s\u2019\u00e9quipe en technologies de pointe; nous avions fait de m\u00eame. Nous repr\u00e9sentons actuellement des membres dans plusieurs secteurs d\u2019activit\u00e9s tels que : services publics, industriels, construction, t\u00e9l\u00e9communication, c\u00e2blodistribution, radio et t\u00e9l\u00e9vision, chantier naval, chemin de fer, syst\u00e8me de s\u00e9curit\u00e9, r\u00e9paration d\u2019appareils, ateliers d\u2019usinage, atelier d\u2019affichage, usine de p\u00e2tes et papiers, secteur minier et le gouvernement.<\/p>\n<p>Alors que la taille de notre organisation a \u00e9volu\u00e9, nous ne douterons jamais de notre engagement \u00e0 maintenir un environnement s\u00e9curitaire et une main-d\u2019\u0153uvre hautement qualifi\u00e9e pour nos cons\u0153urs et confr\u00e8res. Nous sommes engag\u00e9s \u00e0 \u00eatre pr\u00e9sents pour le pays, 24 heures sur 24, 365 jours par an (366 si c\u2019est une ann\u00e9e bissextile).<\/p>\n<\/div>\n<\/div>\n<p class=\"title\">Secteurs<\/p>\n<p class=\"aligncenter\">Les membres de la FIOE travaillent dans une vaste gamme de secteurs. Chaque jour, ils mettent leurs comp\u00e9tences sup\u00e9rieures et leur exp\u00e9rience du monde r\u00e9el au service de chaque ville, village et arrondissement de ce pays.<\/p>\n<div class=\"sectors-section\">\n<div class=\"left\"><\/div>\n<div class=\"right\">\n<ul class=\"sectors-list\">\n<li>Construction<a href=\"https:\/\/www.ibewcanada.ca\/fr\/construction\/\">ICI<\/a><\/li>\n<li>Gouvernement<a href=\"https:\/\/www.ibewcanada.ca\/fr\/gouvernement\/\">ICI<\/a><\/li>\n<li>Fabrication<a href=\"https:\/\/www.ibewcanada.ca\/fr\/manufacturing\/\">ICI<\/a><\/li>\n<li>Chemin de Fer<a href=\"https:\/\/www.ibewcanada.ca\/fr\/chemin-de-fer\/\">ICI<\/a><\/li>\n<li>T\u00e9l\u00e9communication<a href=\"https:\/\/www.ibewcanada.ca\/fr\/telcom\/\">ICI<\/a><\/li>\n<li>Services publics<a href=\"https:\/\/www.ibewcanada.ca\/fr\/utilites\/\">ICI<\/a><\/li>\n<\/ul>\n<\/div>\n<\/div>\n","protected":false},"excerpt":{"rendered":"<p>Nous avons toujours \u00e9t\u00e9 l\u00e0 pour le Canada et pour vous. La FNOE a vite r\u00e9alis\u00e9 son engagement \u00e0 assurer la s\u00e9curit\u00e9 des travailleurs. Le 20 d\u00e9cembre 1899, la filiale canadienne de la FNOE s\u2019implante \u00e0 Ottawa. \u00c0 la sixi\u00e8me conf\u00e9rence de cette m\u00eame ann\u00e9e, la fraternit\u00e9 nationale des ouvriers en \u00e9lectricit\u00e9 a aussit\u00f4t \u00e9t\u00e9&#8230;<\/p>\n","protected":false},"author":10,"featured_media":420,"parent":0,"menu_order":35,"comment_status":"closed","ping_status":"closed","template":"","meta":{"_acf_changed":false,"_genesis_hide_title":false,"_genesis_hide_breadcrumbs":false,"_genesis_hide_singular_image":false,"_genesis_hide_footer_widgets":false,"_genesis_custom_body_class":"","_genesis_custom_post_class":"","_genesis_layout":"","footnotes":""},"class_list":{"0":"post-307","1":"page","2":"type-page","3":"status-publish","4":"has-post-thumbnail","6":"entry"},"translation":{"provider":"WPGlobus","version":"3.0.2","language":"fr","enabled_languages":["en","fr"],"languages":{"en":{"title":true,"content":true,"excerpt":false},"fr":{"title":true,"content":true,"excerpt":false}}},"acf":[],"_links":{"self":[{"href":"https:\/\/www.ibewcanada.ca\/fr\/wp-json\/wp\/v2\/pages\/307","targetHints":{"allow":["GET"]}}],"collection":[{"href":"https:\/\/www.ibewcanada.ca\/fr\/wp-json\/wp\/v2\/pages"}],"about":[{"href":"https:\/\/www.ibewcanada.ca\/fr\/wp-json\/wp\/v2\/types\/page"}],"author":[{"embeddable":true,"href":"https:\/\/www.ibewcanada.ca\/fr\/wp-json\/wp\/v2\/users\/10"}],"replies":[{"embeddable":true,"href":"https:\/\/www.ibewcanada.ca\/fr\/wp-json\/wp\/v2\/comments?post=307"}],"version-history":[{"count":2,"href":"https:\/\/www.ibewcanada.ca\/fr\/wp-json\/wp\/v2\/pages\/307\/revisions"}],"predecessor-version":[{"id":1010572,"href":"https:\/\/www.ibewcanada.ca\/fr\/wp-json\/wp\/v2\/pages\/307\/revisions\/1010572"}],"wp:featuredmedia":[{"embeddable":true,"href":"https:\/\/www.ibewcanada.ca\/fr\/wp-json\/wp\/v2\/media\/420"}],"wp:attachment":[{"href":"https:\/\/www.ibewcanada.ca\/fr\/wp-json\/wp\/v2\/media?parent=307"}],"curies":[{"name":"wp","href":"https:\/\/api.w.org\/{rel}","templated":true}]}}