{"id":301,"date":"2017-01-10T15:36:21","date_gmt":"2017-01-10T15:36:21","guid":{"rendered":"https:\/\/www.ibewcanada.ca\/?page_id=301"},"modified":"2024-12-05T11:26:19","modified_gmt":"2024-12-05T16:26:19","slug":"telecom","status":"publish","type":"page","link":"https:\/\/www.ibewcanada.ca\/fr\/telecom\/","title":{"rendered":"T\u00e9l\u00e9communications"},"content":{"rendered":"<p class=\"emphasized aligncenter\">La FIOE repr\u00e9sente les employ\u00e9s de l\u2019industrie des t\u00e9l\u00e9communications travaillant dans toutes les phases de l\u2019industrie, pour d\u2019importantes entreprises de t\u00e9l\u00e9communications dans tout le Canada offrant des services de t\u00e9l\u00e9phonie locale et interurbaine, la t\u00e9l\u00e9vision par c\u00e2ble et les syst\u00e8mes de communications sans fil.<\/p>\n<div class=\"floating-image-wrap\"><img decoding=\"async\" src=\"https:\/\/www.ibewcanada.ca\/wp-content\/uploads\/2017\/02\/Telcom.jpg\" \/><\/div>\n<p>Les membres de la FIOE sont \u00e0 l\u2019emploi d\u2019importantes entreprises en t\u00e9l\u00e9communications \u00e0 travers le Canada et les \u00c9tats-Unis.<\/p>\n<p>La prochaine fois que vous envisageriez de vous d\u00e9tendre devant la t\u00e9l\u00e9vision, arr\u00eatez-vous un moment et souvenez-vous des travailleurs qui ont rendu ces passe-temps possibles. Les employ\u00e9s en t\u00e9l\u00e9communications de la FIOE travaillent derri\u00e8re ces coulisses pour assurer l\u2019acc\u00e8s \u00e0 la t\u00e9l\u00e9vision \u00e0 tous les amateurs. Les membres de la FIOE sont toujours \u00e0 l\u2019aff\u00fbt dans ce secteur o\u00f9 le changement technologique est incessant. L\u2019industrie de la t\u00e9l\u00e9vision par c\u00e2ble emploie des milliers de membres de la FIOE pour effectuer des travaux reli\u00e9s \u00e0 l\u2019installation, l\u2019entretien et l\u2019exploitation des syst\u00e8mes de distribution de signaux de t\u00e9l\u00e9vision.<\/p>\n<p>C\u2019est probablement aussi gr\u00e2ce au travail des membres de la FIOE que vous pouvez aujourd\u2019hui communiquer avec vos amis par t\u00e9l\u00e9phone. Ce syst\u00e8me de communications, le plus important au monde, n\u2019est pas le fruit du hasard. Les membres de la FIOE \u00e9taient l\u00e0 au tout d\u00e9but pour l\u2019\u00e9rection des poteaux de lignes et la mise en place des c\u00e2bles qui vous permet aujourd\u2019hui d\u2019amener le monde dans votre foyer. Depuis les touts d\u00e9buts de la compagnie Bell, jusqu\u2019\u00e0 la t\u00e9l\u00e9phonie sans fil de nos jours, les membres de la FIOE se sont toujours d\u00e9marqu\u00e9s par la qualit\u00e9 de leur travail. Gr\u00e2ce au travail des monteurs de c\u00e2bles de t\u00e9l\u00e9communications, des \u00e9pisseurs de c\u00e2bles, des installateurs, des ing\u00e9nieurs et des dessinateurs industriels et de tous les autres membres de la FIOE, vous pouvez appeler vos amis en tout temps.<\/p>\n<p>La FIOE repr\u00e9sente des membres travaillant dans tous les domaines de l\u2019industrie de la radiodiffusion : cha\u00eenes de radio et de t\u00e9l\u00e9vision, op\u00e9rations de r\u00e9seau, cha\u00eenes de t\u00e9l\u00e9diffusion publiques, maisons de disques, t\u00e9l\u00e9vision en circuit ferm\u00e9 et maisons de production.<\/p>\n<div class=\"clearfix\"><\/div>\n","protected":false},"excerpt":{"rendered":"<p>La FIOE repr\u00e9sente les employ\u00e9s de l\u2019industrie des t\u00e9l\u00e9communications travaillant dans toutes les phases de l\u2019industrie, pour d\u2019importantes entreprises de t\u00e9l\u00e9communications dans tout le Canada offrant des services de t\u00e9l\u00e9phonie locale et interurbaine, la t\u00e9l\u00e9vision par c\u00e2ble et les syst\u00e8mes de communications sans fil. Les membres de la FIOE sont \u00e0 l\u2019emploi d\u2019importantes entreprises en&#8230;<\/p>\n","protected":false},"author":10,"featured_media":0,"parent":0,"menu_order":37,"comment_status":"closed","ping_status":"closed","template":"","meta":{"_acf_changed":false,"_genesis_hide_title":false,"_genesis_hide_breadcrumbs":false,"_genesis_hide_singular_image":false,"_genesis_hide_footer_widgets":false,"_genesis_custom_body_class":"sector","_genesis_custom_post_class":"","_genesis_layout":"","footnotes":""},"class_list":{"0":"post-301","1":"page","2":"type-page","3":"status-publish","5":"entry"},"translation":{"provider":"WPGlobus","version":"3.0.2","language":"fr","enabled_languages":["en","fr"],"languages":{"en":{"title":true,"content":true,"excerpt":false},"fr":{"title":true,"content":true,"excerpt":false}}},"acf":[],"_links":{"self":[{"href":"https:\/\/www.ibewcanada.ca\/fr\/wp-json\/wp\/v2\/pages\/301","targetHints":{"allow":["GET"]}}],"collection":[{"href":"https:\/\/www.ibewcanada.ca\/fr\/wp-json\/wp\/v2\/pages"}],"about":[{"href":"https:\/\/www.ibewcanada.ca\/fr\/wp-json\/wp\/v2\/types\/page"}],"author":[{"embeddable":true,"href":"https:\/\/www.ibewcanada.ca\/fr\/wp-json\/wp\/v2\/users\/10"}],"replies":[{"embeddable":true,"href":"https:\/\/www.ibewcanada.ca\/fr\/wp-json\/wp\/v2\/comments?post=301"}],"version-history":[{"count":0,"href":"https:\/\/www.ibewcanada.ca\/fr\/wp-json\/wp\/v2\/pages\/301\/revisions"}],"wp:attachment":[{"href":"https:\/\/www.ibewcanada.ca\/fr\/wp-json\/wp\/v2\/media?parent=301"}],"curies":[{"name":"wp","href":"https:\/\/api.w.org\/{rel}","templated":true}]}}