{"id":298,"date":"2017-01-10T15:34:13","date_gmt":"2017-01-10T15:34:13","guid":{"rendered":"https:\/\/www.ibewcanada.ca\/?page_id=298"},"modified":"2020-03-27T20:41:17","modified_gmt":"2020-03-27T20:41:17","slug":"manufacturing","status":"publish","type":"page","link":"https:\/\/www.ibewcanada.ca\/fr\/manufacturing\/","title":{"rendered":"Fabrication"},"content":{"rendered":"<p class=\"emphasized aligncenter\">Les membres de la FIOE \u0153uvrant dans ce secteur pour de petites, moyennes ou grandes entreprises fabriquent un large \u00e9ventail de produits et de composants \u00e9lectriques et \u00e9lectroniques pour diverses industries, dont celles des communications, de la sant\u00e9, de la d\u00e9fense nationale, du secteur de l\u2019a\u00e9rospatiale, des articles \u00e9lectroniques et du mat\u00e9riel informatique.<\/p>\n<div class=\"floating-image-wrap\"><img decoding=\"async\" src=\"https:\/\/www.ibewcanada.ca\/wp-content\/uploads\/2017\/02\/Manufacturing.jpg\" \/><\/div>\n<p>Ils fabriquent \u00e9galement l\u2019\u00e9quipement n\u00e9cessaire \u00e0 la production, au contr\u00f4le et \u00e0 la distribution de l\u2019\u00e9nergie \u00e9lectrique. La gamme tr\u00e8s diversifi\u00e9e des produits fabriqu\u00e9s par les membres de la FIOE inclut les moteurs et les g\u00e9n\u00e9rateurs \u00e9lectriques, les appareils d\u2019\u00e9clairage, tous les types d\u2019appareils m\u00e9nagers, l\u2019\u00e9quipement \u00e9lectronique pour la radiodiffusion, le mat\u00e9riel de divertissement, l\u2019\u00e9quipement des t\u00e9l\u00e9communications de m\u00eame que l\u2019\u00e9quipement scientifique et m\u00e9dical.<\/p>\n<p>Le secteur de la fabrication \u00e9lectrique de la FIOE a \u00e9t\u00e9 \u00e9tabli afin de venir en aide aux sections locales qui d\u00e9sirent offrir \u00e0 tous les travailleurs des collectivit\u00e9s, l\u2019opportunit\u00e9 d\u2019obtenir une repr\u00e9sentation syndicale.<\/p>\n<div class=\"clearfix\"><\/div>\n","protected":false},"excerpt":{"rendered":"<p>Les membres de la FIOE \u0153uvrant dans ce secteur pour de petites, moyennes ou grandes entreprises fabriquent un large \u00e9ventail de produits et de composants \u00e9lectriques et \u00e9lectroniques pour diverses industries, dont celles des communications, de la sant\u00e9, de la d\u00e9fense nationale, du secteur de l\u2019a\u00e9rospatiale, des articles \u00e9lectroniques et du mat\u00e9riel informatique. Ils fabriquent&#8230;<\/p>\n","protected":false},"author":10,"featured_media":0,"parent":0,"menu_order":38,"comment_status":"closed","ping_status":"closed","template":"","meta":{"_acf_changed":false,"_genesis_hide_title":false,"_genesis_hide_breadcrumbs":false,"_genesis_hide_singular_image":false,"_genesis_hide_footer_widgets":false,"_genesis_custom_body_class":"sector","_genesis_custom_post_class":"","_genesis_layout":"","footnotes":""},"class_list":{"0":"post-298","1":"page","2":"type-page","3":"status-publish","5":"entry"},"translation":{"provider":"WPGlobus","version":"3.0.2","language":"fr","enabled_languages":["en","fr"],"languages":{"en":{"title":true,"content":true,"excerpt":false},"fr":{"title":true,"content":true,"excerpt":false}}},"acf":[],"_links":{"self":[{"href":"https:\/\/www.ibewcanada.ca\/fr\/wp-json\/wp\/v2\/pages\/298","targetHints":{"allow":["GET"]}}],"collection":[{"href":"https:\/\/www.ibewcanada.ca\/fr\/wp-json\/wp\/v2\/pages"}],"about":[{"href":"https:\/\/www.ibewcanada.ca\/fr\/wp-json\/wp\/v2\/types\/page"}],"author":[{"embeddable":true,"href":"https:\/\/www.ibewcanada.ca\/fr\/wp-json\/wp\/v2\/users\/10"}],"replies":[{"embeddable":true,"href":"https:\/\/www.ibewcanada.ca\/fr\/wp-json\/wp\/v2\/comments?post=298"}],"version-history":[{"count":0,"href":"https:\/\/www.ibewcanada.ca\/fr\/wp-json\/wp\/v2\/pages\/298\/revisions"}],"wp:attachment":[{"href":"https:\/\/www.ibewcanada.ca\/fr\/wp-json\/wp\/v2\/media?parent=298"}],"curies":[{"name":"wp","href":"https:\/\/api.w.org\/{rel}","templated":true}]}}