{"id":294,"date":"2017-01-10T15:31:10","date_gmt":"2017-01-10T15:31:10","guid":{"rendered":"https:\/\/www.ibewcanada.ca\/?page_id=294"},"modified":"2020-03-27T20:41:03","modified_gmt":"2020-03-27T20:41:03","slug":"government","status":"publish","type":"page","link":"https:\/\/www.ibewcanada.ca\/fr\/government\/","title":{"rendered":"Gouvernement"},"content":{"rendered":"<p class=\"emphasized aligncenter\">Une part consid\u00e9rable des membres de la FIOE travaille pour le gouvernement canadien. Pratiquement aucune agence gouvernementale canadienne ne pourrait se passer des travailleurs en \u00e9lectricit\u00e9 qualifi\u00e9s de la FIOE pour r\u00e9aliser sa mission.<\/p>\n<div class=\"floating-image-wrap\"><img decoding=\"async\" src=\"https:\/\/www.ibewcanada.ca\/wp-content\/uploads\/2017\/01\/hero-06_Government_500x350.jpeg\" alt=\"IBEW Government\" \/><\/div>\n<p>Les \u00e9lectriciens, les monteurs de lignes, les techniciens gyro et \u00e9lectroniques, les r\u00e9parateurs de grue \u00e9lectrique et d\u2019autres encore travaillant dans les chantiers maritimes et pour la Garde c\u00f4ti\u00e8re, dans les usines de mat\u00e9riel d\u2019artillerie navale et diverses activit\u00e9s de d\u00e9fense, sont essentiels \u00e0 la d\u00e9fense de nos pays et la s\u00e9curit\u00e9 de nos peuples.<\/p>\n<p>Les membres de la FIOE travaillent \u00e0 bord des navires et y effectuent des travaux sur tous les types de lignes de transport d\u2019\u00e9nergie, dans tous les genres d\u2019ateliers en y assurant l\u2019entretien des b\u00e2timents f\u00e9d\u00e9raux et de l\u2019\u00e9quipement, dans tous les types de communications, tous les barrages et \u00e9cluses de navigation, les centrales hydro\u00e9lectriques et \u00e0 vapeur, et de nombreux et divers travaux qui compose chaque domaine des services du gouvernement. On les retrouve \u00e0 l\u2019emploi de plusieurs minist\u00e8res et organismes f\u00e9d\u00e9raux.<\/p>\n<p>Au Canada, les membres de la FIOE effectuent le travail d\u2019\u00e9lectronique hautement qualifi\u00e9 au sein de plusieurs minist\u00e8res du Conseil du tr\u00e9sor, pour NAV Canada et pour le Syst\u00e8me d\u2019alerte du Nord.<\/p>\n<div class=\"clearfix\"><\/div>\n","protected":false},"excerpt":{"rendered":"<p>Une part consid\u00e9rable des membres de la FIOE travaille pour le gouvernement canadien. Pratiquement aucune agence gouvernementale canadienne ne pourrait se passer des travailleurs en \u00e9lectricit\u00e9 qualifi\u00e9s de la FIOE pour r\u00e9aliser sa mission. Les \u00e9lectriciens, les monteurs de lignes, les techniciens gyro et \u00e9lectroniques, les r\u00e9parateurs de grue \u00e9lectrique et d\u2019autres encore travaillant dans&#8230;<\/p>\n","protected":false},"author":10,"featured_media":0,"parent":0,"menu_order":39,"comment_status":"closed","ping_status":"closed","template":"","meta":{"_acf_changed":false,"_genesis_hide_title":false,"_genesis_hide_breadcrumbs":false,"_genesis_hide_singular_image":false,"_genesis_hide_footer_widgets":false,"_genesis_custom_body_class":"sector","_genesis_custom_post_class":"","_genesis_layout":"","footnotes":""},"class_list":{"0":"post-294","1":"page","2":"type-page","3":"status-publish","5":"entry"},"translation":{"provider":"WPGlobus","version":"3.0.2","language":"fr","enabled_languages":["en","fr"],"languages":{"en":{"title":true,"content":true,"excerpt":false},"fr":{"title":true,"content":true,"excerpt":false}}},"acf":[],"_links":{"self":[{"href":"https:\/\/www.ibewcanada.ca\/fr\/wp-json\/wp\/v2\/pages\/294","targetHints":{"allow":["GET"]}}],"collection":[{"href":"https:\/\/www.ibewcanada.ca\/fr\/wp-json\/wp\/v2\/pages"}],"about":[{"href":"https:\/\/www.ibewcanada.ca\/fr\/wp-json\/wp\/v2\/types\/page"}],"author":[{"embeddable":true,"href":"https:\/\/www.ibewcanada.ca\/fr\/wp-json\/wp\/v2\/users\/10"}],"replies":[{"embeddable":true,"href":"https:\/\/www.ibewcanada.ca\/fr\/wp-json\/wp\/v2\/comments?post=294"}],"version-history":[{"count":0,"href":"https:\/\/www.ibewcanada.ca\/fr\/wp-json\/wp\/v2\/pages\/294\/revisions"}],"wp:attachment":[{"href":"https:\/\/www.ibewcanada.ca\/fr\/wp-json\/wp\/v2\/media?parent=294"}],"curies":[{"name":"wp","href":"https:\/\/api.w.org\/{rel}","templated":true}]}}