{"id":290,"date":"2017-01-10T15:27:18","date_gmt":"2017-01-10T15:27:18","guid":{"rendered":"https:\/\/www.ibewcanada.ca\/?page_id=290"},"modified":"2024-10-08T11:24:59","modified_gmt":"2024-10-08T16:24:59","slug":"construction","status":"publish","type":"page","link":"https:\/\/www.ibewcanada.ca\/fr\/construction\/","title":{"rendered":"Construction"},"content":{"rendered":"<p class=\"emphasized aligncenter\">Les membres de la FIOE \u0153uvrant dans le domaine de la construction et de la maintenance sont parmi les meilleurs\u00a0ouvriers form\u00e9s que vous puissiez trouver<\/p>\n<div class=\"floating-image-wrap\"><img decoding=\"async\" src=\"https:\/\/www.ibewcanada.ca\/wp-content\/uploads\/2017\/02\/Construction.jpg\" \/><\/div>\n<p>Avant m\u00eame qu\u2019un travailleur puisse se qualifier comme \u00e9tant un \u00ab \u00e9lectricien compagnon ou monteur de ligne \u00bb\u00a0incluant d\u2019autres qualifications, comme : technicien en t\u00e9l\u00e9communication ou \u00e9lectricien r\u00e9sidentiels, etc., il doit compl\u00e9ter un programme d\u2019apprentissage th\u00e9orique et pratique bas\u00e9 sur le m\u00e9tier. Consultez la liste compl\u00e8te des programmes d\u2019apprentissage de votre r\u00e9gion en visitant les sites\u00a0internet de nos sections locales.<\/p>\n<p>Alors qu\u2019on s\u2019engage \u00e0 offrir une qualit\u00e9 de produit sup\u00e9rieur en mati\u00e8re de connaissance et de main-d\u2019\u0153uvre, nous croyons \u00e9galement que nos membres doivent \u00eatre r\u00e9mun\u00e9r\u00e9s pour leur rendement de mani\u00e8re juste et m\u00e9ritent le respect qui leur est d\u00fb en tant que professionnels.<\/p>\n<div class=\"clearfix\"><\/div>\n","protected":false},"excerpt":{"rendered":"<p>Les membres de la FIOE \u0153uvrant dans le domaine de la construction et de la maintenance sont parmi les meilleurs\u00a0ouvriers form\u00e9s que vous puissiez trouver Avant m\u00eame qu\u2019un travailleur puisse se qualifier comme \u00e9tant un \u00ab \u00e9lectricien compagnon ou monteur de ligne \u00bb\u00a0incluant d\u2019autres qualifications, comme : technicien en t\u00e9l\u00e9communication ou \u00e9lectricien r\u00e9sidentiels, etc., il&#8230;<\/p>\n","protected":false},"author":10,"featured_media":0,"parent":0,"menu_order":40,"comment_status":"closed","ping_status":"closed","template":"","meta":{"_acf_changed":false,"_genesis_hide_title":false,"_genesis_hide_breadcrumbs":false,"_genesis_hide_singular_image":false,"_genesis_hide_footer_widgets":false,"_genesis_custom_body_class":"sector","_genesis_custom_post_class":"","_genesis_layout":"","footnotes":""},"class_list":{"0":"post-290","1":"page","2":"type-page","3":"status-publish","5":"entry"},"translation":{"provider":"WPGlobus","version":"3.0.2","language":"fr","enabled_languages":["en","fr"],"languages":{"en":{"title":true,"content":true,"excerpt":false},"fr":{"title":true,"content":true,"excerpt":false}}},"acf":[],"_links":{"self":[{"href":"https:\/\/www.ibewcanada.ca\/fr\/wp-json\/wp\/v2\/pages\/290","targetHints":{"allow":["GET"]}}],"collection":[{"href":"https:\/\/www.ibewcanada.ca\/fr\/wp-json\/wp\/v2\/pages"}],"about":[{"href":"https:\/\/www.ibewcanada.ca\/fr\/wp-json\/wp\/v2\/types\/page"}],"author":[{"embeddable":true,"href":"https:\/\/www.ibewcanada.ca\/fr\/wp-json\/wp\/v2\/users\/10"}],"replies":[{"embeddable":true,"href":"https:\/\/www.ibewcanada.ca\/fr\/wp-json\/wp\/v2\/comments?post=290"}],"version-history":[{"count":0,"href":"https:\/\/www.ibewcanada.ca\/fr\/wp-json\/wp\/v2\/pages\/290\/revisions"}],"wp:attachment":[{"href":"https:\/\/www.ibewcanada.ca\/fr\/wp-json\/wp\/v2\/media?parent=290"}],"curies":[{"name":"wp","href":"https:\/\/api.w.org\/{rel}","templated":true}]}}