{"id":286,"date":"2017-01-10T15:37:37","date_gmt":"2017-01-10T15:37:37","guid":{"rendered":"https:\/\/www.ibewcanada.ca\/?page_id=286"},"modified":"2020-03-27T20:42:17","modified_gmt":"2020-03-27T20:42:17","slug":"utilities","status":"publish","type":"page","link":"https:\/\/www.ibewcanada.ca\/fr\/utilities\/","title":{"rendered":"Secteurs publics"},"content":{"rendered":"<p class=\"emphasized aligncenter\">La FIOE repr\u00e9sente les int\u00e9r\u00eats des membres travaillant dans les services du secteur public gr\u00e2ce \u00e0 leur implication dans divers d\u00e9partements du minist\u00e8re tel qu\u2019au l\u00e9gislatif, r\u00e8glementaire et \u00e0 l\u2019\u00e9laboration des normes.<\/p>\n<div class=\"floating-image-wrap\"><img decoding=\"async\" src=\"https:\/\/www.ibewcanada.ca\/wp-content\/uploads\/2017\/01\/Traffic-Light-77_Utilities_500x350.jpeg\" alt=\"IBEW Utilities\" \/><\/div>\n<p>La FIOE repr\u00e9sente les membres travaillant dans tous les aspects de l\u2019industrie des services publics incluant les monteurs de lignes, les aides-monteurs, les op\u00e9rateurs d\u2019\u00e9quipement, les op\u00e9rateurs de chaudi\u00e8re, les techniciens I &amp; C, les m\u00e9caniciens d\u2019entretien, les \u00e9lectriciens, les soudeurs, les op\u00e9rateurs de la salle de contr\u00f4le et les r\u00e9partiteurs de m\u00eame que les installateurs et les releveurs de compteurs, les repr\u00e9sentants, les employ\u00e9s de bureau, les \u00e9pisseurs de c\u00e2bles, les \u00e9lectriciens de poste \u00e9lectrique, les manutentionnaires, les techniciens en communication, les pr\u00e9pos\u00e9s au service et les techniciens de relais.<\/p>\n<p>La FIOE repr\u00e9sente \u00e9galement des travailleurs dans l\u2019industrie gazi\u00e8re, allant des employ\u00e9s de bureau aux employ\u00e9s participant \u00e0 la construction et \u00e0 la maintenance des lignes de transport et de distribution de gaz.<\/p>\n<div class=\"clearfix\"><\/div>\n","protected":false},"excerpt":{"rendered":"<p>La FIOE repr\u00e9sente les int\u00e9r\u00eats des membres travaillant dans les services du secteur public gr\u00e2ce \u00e0 leur implication dans divers d\u00e9partements du minist\u00e8re tel qu\u2019au l\u00e9gislatif, r\u00e8glementaire et \u00e0 l\u2019\u00e9laboration des normes. La FIOE repr\u00e9sente les membres travaillant dans tous les aspects de l\u2019industrie des services publics incluant les monteurs de lignes, les aides-monteurs, les&#8230;<\/p>\n","protected":false},"author":10,"featured_media":0,"parent":0,"menu_order":36,"comment_status":"closed","ping_status":"closed","template":"","meta":{"_acf_changed":false,"_genesis_hide_title":false,"_genesis_hide_breadcrumbs":false,"_genesis_hide_singular_image":false,"_genesis_hide_footer_widgets":false,"_genesis_custom_body_class":"sector","_genesis_custom_post_class":"","_genesis_layout":"","footnotes":""},"class_list":{"0":"post-286","1":"page","2":"type-page","3":"status-publish","5":"entry"},"translation":{"provider":"WPGlobus","version":"3.0.2","language":"fr","enabled_languages":["en","fr"],"languages":{"en":{"title":true,"content":true,"excerpt":false},"fr":{"title":true,"content":true,"excerpt":false}}},"acf":[],"_links":{"self":[{"href":"https:\/\/www.ibewcanada.ca\/fr\/wp-json\/wp\/v2\/pages\/286","targetHints":{"allow":["GET"]}}],"collection":[{"href":"https:\/\/www.ibewcanada.ca\/fr\/wp-json\/wp\/v2\/pages"}],"about":[{"href":"https:\/\/www.ibewcanada.ca\/fr\/wp-json\/wp\/v2\/types\/page"}],"author":[{"embeddable":true,"href":"https:\/\/www.ibewcanada.ca\/fr\/wp-json\/wp\/v2\/users\/10"}],"replies":[{"embeddable":true,"href":"https:\/\/www.ibewcanada.ca\/fr\/wp-json\/wp\/v2\/comments?post=286"}],"version-history":[{"count":0,"href":"https:\/\/www.ibewcanada.ca\/fr\/wp-json\/wp\/v2\/pages\/286\/revisions"}],"wp:attachment":[{"href":"https:\/\/www.ibewcanada.ca\/fr\/wp-json\/wp\/v2\/media?parent=286"}],"curies":[{"name":"wp","href":"https:\/\/api.w.org\/{rel}","templated":true}]}}