{"id":281,"date":"2017-01-10T15:16:41","date_gmt":"2017-01-10T15:16:41","guid":{"rendered":"https:\/\/www.ibewcanada.ca\/?page_id=281"},"modified":"2024-08-08T12:37:59","modified_gmt":"2024-08-08T17:37:59","slug":"railroads","status":"publish","type":"page","link":"https:\/\/www.ibewcanada.ca\/fr\/railroads\/","title":{"rendered":"Chemins de Fer"},"content":{"rendered":"<p class=\"emphasized aligncenter\">Nous sommes un syndicat repr\u00e9sentant plus de 1 400 employ\u00e9s du secteur de la signalisation et des communications au Canada. Nos membres travaillent aux syst\u00e8mes de signalisation ferroviaire afin d\u2019am\u00e9liorer le niveau en mati\u00e8re de s\u00e9curit\u00e9 et d\u2019efficacit\u00e9.<\/p>\n<div class=\"floating-image-wrap\"><img decoding=\"async\" src=\"https:\/\/www.ibewcanada.ca\/wp-content\/uploads\/2017\/02\/Railroads.jpg\" \/><\/div>\n<p>Bien que des passagers pr\u00e9f\u00e8rent le transport a\u00e9rien au le transport ferroviaire et que les r\u00e9seaux routiers sont reli\u00e9s aux principaux moyens de transport de marchandises, les chemins de fer demeurent continus et bien vivants en Am\u00e9rique du Nord. Au Canada, 71 % de toute la marchandise est exp\u00e9di\u00e9e sur le r\u00e9seau ferroviaire et les membres de la FIOE jouent un r\u00f4le de premier plan dans le maintien de ce mode de transport.<\/p>\n<p>Le travail des membres travaillant \u00e0 la signalisation ferroviaire et dans le secteur des communications consiste \u00e0 inspecter, v\u00e9rifier, monter, installer, d\u00e9monter, restaurer, r\u00e9viser, ajuster, c\u00e2bler et calibrer tout l\u2019\u00e9quipement et les composants \u00e9lectriques et \u00e9lectroniques d\u2019un bout \u00e0 l\u2019autre du pays qui servent \u00e0 prot\u00e9ger l\u2019ensemble de la population. Une des t\u00e2ches les plus importantes est de s\u2019assurer du bon fonctionnement de toutes les traverses de chemin de fer au Canada.<\/p>\n<p>Les techniciens en t\u00e9l\u00e9communications du secteur des chemins de fer de la FIOE ex\u00e9cutent tous les types de travaux g\u00e9n\u00e9ralement reconnus dans ce domaine selon leurs ententes avec les diff\u00e9rentes entreprises de t\u00e9l\u00e9communication. Ils travaillent avec des dispositifs, appareils et \u00e9quipements \u00e0 micro-ondes, radio, fibres optiques, de t\u00e9l\u00e9phonie et autres, dans le cours de leurs activit\u00e9s d\u2019exploitation, d\u2019entretien et de r\u00e9paration de ces syst\u00e8mes dans les ateliers, les cours, les \u00e9difices, les locomotives et tous les emplacements n\u00e9cessaires pour assurer des communications efficaces au Canada. La FIOE est \u00e9galement accr\u00e9dit\u00e9e pour repr\u00e9senter plusieurs autres cat\u00e9gories de travailleurs de chemin de fer pour lesquels des ententes ont \u00e9t\u00e9 conclues avec des entreprises de t\u00e9l\u00e9communications sp\u00e9cifiques.<\/p>\n<div class=\"clearfix\"><\/div>\n","protected":false},"excerpt":{"rendered":"<p>Nous sommes un syndicat repr\u00e9sentant plus de 1 400 employ\u00e9s du secteur de la signalisation et des communications au Canada. Nos membres travaillent aux syst\u00e8mes de signalisation ferroviaire afin d\u2019am\u00e9liorer le niveau en mati\u00e8re de s\u00e9curit\u00e9 et d\u2019efficacit\u00e9. Bien que des passagers pr\u00e9f\u00e8rent le transport a\u00e9rien au le transport ferroviaire et que les r\u00e9seaux routiers&#8230;<\/p>\n","protected":false},"author":10,"featured_media":0,"parent":0,"menu_order":41,"comment_status":"closed","ping_status":"closed","template":"","meta":{"_acf_changed":false,"_genesis_hide_title":false,"_genesis_hide_breadcrumbs":false,"_genesis_hide_singular_image":false,"_genesis_hide_footer_widgets":false,"_genesis_custom_body_class":"sector","_genesis_custom_post_class":"","_genesis_layout":"","footnotes":""},"class_list":{"0":"post-281","1":"page","2":"type-page","3":"status-publish","5":"entry"},"translation":{"provider":"WPGlobus","version":"3.0.2","language":"fr","enabled_languages":["en","fr"],"languages":{"en":{"title":true,"content":true,"excerpt":false},"fr":{"title":true,"content":true,"excerpt":false}}},"acf":[],"_links":{"self":[{"href":"https:\/\/www.ibewcanada.ca\/fr\/wp-json\/wp\/v2\/pages\/281","targetHints":{"allow":["GET"]}}],"collection":[{"href":"https:\/\/www.ibewcanada.ca\/fr\/wp-json\/wp\/v2\/pages"}],"about":[{"href":"https:\/\/www.ibewcanada.ca\/fr\/wp-json\/wp\/v2\/types\/page"}],"author":[{"embeddable":true,"href":"https:\/\/www.ibewcanada.ca\/fr\/wp-json\/wp\/v2\/users\/10"}],"replies":[{"embeddable":true,"href":"https:\/\/www.ibewcanada.ca\/fr\/wp-json\/wp\/v2\/comments?post=281"}],"version-history":[{"count":0,"href":"https:\/\/www.ibewcanada.ca\/fr\/wp-json\/wp\/v2\/pages\/281\/revisions"}],"wp:attachment":[{"href":"https:\/\/www.ibewcanada.ca\/fr\/wp-json\/wp\/v2\/media?parent=281"}],"curies":[{"name":"wp","href":"https:\/\/api.w.org\/{rel}","templated":true}]}}