{"id":268,"date":"2017-01-10T14:10:04","date_gmt":"2017-01-10T14:10:04","guid":{"rendered":"https:\/\/www.ibewcanada.ca\/?page_id=268"},"modified":"2025-04-25T19:06:44","modified_gmt":"2025-04-25T23:06:44","slug":"ibew-at-work","status":"publish","type":"page","link":"https:\/\/www.ibewcanada.ca\/fr\/ibew-at-work\/","title":{"rendered":"La FIOE au Travail"},"content":{"rendered":"<h1><strong><span style=\"color: #333333; font-family: 'Georgia','serif';\">Il est possible de nous voir porter un casque de s\u00e9curit\u00e9, mais nous portons plusieurs autres chapeaux.<\/span><\/strong><\/h1>\n<p><span style=\"color: #333333; font-family: 'Georgia','serif';\">Le milieu hospitalier o\u00f9 vous avez \u00e9t\u00e9 pour la naissance d\u2019un enfant? Nous \u00e9tions l\u00e0 depuis la conception du b\u00e2timent jusqu\u2019\u00e0 la livraison de la touche finale. <\/span><\/p>\n<p><span style=\"color: #333333; font-family: 'Georgia','serif';\">Les l\u00e9gendes o\u00f9 sont n\u00e9s dans les patinoires de hockey? Nous \u00e9tions pr\u00e9sents bien avant la tomb\u00e9e de la premi\u00e8re rondelle.<\/span><\/p>\n<p><span style=\"color: #333333; font-family: 'Georgia','serif';\">Le m\u00e9tro sur lequel vous comptez pour vous rendre au travail ? Nous \u00e9tions l\u00e0 lorsqu\u2019il n\u2019y avait qu\u2019un trou dans le sol.<\/span><\/p>\n<p><span style=\"color: #333333; font-family: 'Georgia','serif';\">Nous avons aid\u00e9 \u00e0 b\u00e2tir le Canada et nous allons continuer \u00e0 contribuer \u00e0 la croissance de ce pays; notre engagement est continuel. Notre organisation se compose de 70 000 professionnels hautement qualifi\u00e9s dans le domaine \u00e9lectrique travaillant dans de nombreux domaines et d\u00e9di\u00e9s \u00e0 construire et \u00e0 r\u00e9parer l\u2019infrastructure du Canada.<\/span><\/p>\n<p><span style=\"color: #333333; font-family: 'Georgia','serif';\">Nous couvrons des int\u00e9r\u00eats tr\u00e8s vari\u00e9s tels que : \u00e9lectricien, technicien, sp\u00e9cialiste en t\u00e9l\u00e9communication, \u00e9lectricien r\u00e9sidentiel, monteur de ligne, technicien en signalisation ferroviaire, sp\u00e9cialiste en c\u00e2blodistribution et de t\u00e9l\u00e9vision, \u00e9lectricien de sous-station, sp\u00e9cialiste en fabrication de moteurs et g\u00e9n\u00e9rateurs et cela n\u2019est que le d\u00e9but.<\/span><\/p>\n<p><span style=\"color: #333333; font-family: 'Georgia','serif';\">Les membres de la FIOE soulagent des vies chaque seconde de chaque jour \u00e0 travers le pays. Il ne s\u2019agit pas seulement de la construction et de la r\u00e9paration \u00e9lectrique, mais d\u2019enrichir la vie dans les communaut\u00e9s dans lesquelles nous vivons, travaillons et divertissons.<\/span><\/p>\n<p><span style=\"color: #333333; font-family: 'Georgia','serif';\">Nous sommes fiers du travail ex\u00e9cut\u00e9 par nos membres pour venir en aide \u00e0 leurs communaut\u00e9s. De venir en aide \u00e0 titre de b\u00e9n\u00e9voles pour l\u2019entra\u00eenement sportif des jeunes jusqu\u2019\u00e0 amasser des fonds pour les \u00e9tablissements de sant\u00e9; peu importe la formule exploit\u00e9e, nous sommes l\u00e0 pour le Canada.<\/span><\/p>\n<p><span style=\"color: #000000; font-family: Calibri;\">\u00a0<\/span><\/p>\n<p class=\"emphasized\">\n","protected":false},"excerpt":{"rendered":"<p>Il est possible de nous voir porter un casque de s\u00e9curit\u00e9, mais nous portons plusieurs autres chapeaux. Le milieu hospitalier o\u00f9 vous avez \u00e9t\u00e9 pour la naissance d\u2019un enfant? Nous \u00e9tions l\u00e0 depuis la conception du b\u00e2timent jusqu\u2019\u00e0 la livraison de la touche finale. Les l\u00e9gendes o\u00f9 sont n\u00e9s dans les patinoires de hockey? Nous&#8230;<\/p>\n","protected":false},"author":10,"featured_media":417,"parent":0,"menu_order":42,"comment_status":"closed","ping_status":"closed","template":"","meta":{"_acf_changed":false,"_genesis_hide_title":false,"_genesis_hide_breadcrumbs":false,"_genesis_hide_singular_image":false,"_genesis_hide_footer_widgets":false,"_genesis_custom_body_class":"","_genesis_custom_post_class":"","_genesis_layout":"","footnotes":""},"class_list":{"0":"post-268","1":"page","2":"type-page","3":"status-publish","4":"has-post-thumbnail","6":"entry"},"translation":{"provider":"WPGlobus","version":"3.0.2","language":"fr","enabled_languages":["en","fr"],"languages":{"en":{"title":true,"content":true,"excerpt":false},"fr":{"title":true,"content":true,"excerpt":false}}},"acf":[],"_links":{"self":[{"href":"https:\/\/www.ibewcanada.ca\/fr\/wp-json\/wp\/v2\/pages\/268","targetHints":{"allow":["GET"]}}],"collection":[{"href":"https:\/\/www.ibewcanada.ca\/fr\/wp-json\/wp\/v2\/pages"}],"about":[{"href":"https:\/\/www.ibewcanada.ca\/fr\/wp-json\/wp\/v2\/types\/page"}],"author":[{"embeddable":true,"href":"https:\/\/www.ibewcanada.ca\/fr\/wp-json\/wp\/v2\/users\/10"}],"replies":[{"embeddable":true,"href":"https:\/\/www.ibewcanada.ca\/fr\/wp-json\/wp\/v2\/comments?post=268"}],"version-history":[{"count":2,"href":"https:\/\/www.ibewcanada.ca\/fr\/wp-json\/wp\/v2\/pages\/268\/revisions"}],"predecessor-version":[{"id":1010574,"href":"https:\/\/www.ibewcanada.ca\/fr\/wp-json\/wp\/v2\/pages\/268\/revisions\/1010574"}],"wp:featuredmedia":[{"embeddable":true,"href":"https:\/\/www.ibewcanada.ca\/fr\/wp-json\/wp\/v2\/media\/417"}],"wp:attachment":[{"href":"https:\/\/www.ibewcanada.ca\/fr\/wp-json\/wp\/v2\/media?parent=268"}],"curies":[{"name":"wp","href":"https:\/\/api.w.org\/{rel}","templated":true}]}}