{"id":210,"date":"2017-01-09T16:24:26","date_gmt":"2017-01-09T16:24:26","guid":{"rendered":"https:\/\/www.ibewcanada.ca\/?page_id=210"},"modified":"2025-08-20T13:06:50","modified_gmt":"2025-08-20T17:06:50","slug":"representatives","status":"publish","type":"page","link":"https:\/\/www.ibewcanada.ca\/fr\/contact\/representatives\/","title":{"rendered":"Officiers et Repr\u00e9sentants internationaux"},"content":{"rendered":"<p class=\"custom-inline-elements\" style=\"text-align: center;\"><strong>Premier District\u00a0(Canada) 1450, Meyerside Drive,\u00a0bureau 300 Mississauga, Ontario L5T 2N5<\/strong><br \/>\n<strong><span class=\"first\">T\u00e9l. : <a href=\"tel:905-564-5441\">905 564-5441<\/a><\/span> \u00a0T\u00e9l\u00e9c. :\u00a0<a href=\"tel:905-564-8114\">905 564-8114<\/a>\u00a0\u00a0\u00a0\u00a0\u00a0 Courriel : <a href=\"mailto:ivpd_01@ibew.org\" target=\"_blank\" rel=\"noopener\">ivpd_01@ibew.org<\/a><\/strong><\/p>\n<ul class='representative-listings  principal'><li class='representative'><div class='profile-photo' style='background-image: url(https:\/\/www.ibewcanada.ca\/wp-content\/uploads\/2026\/04\/Rush-Shewchuk-Headshot2024.jpg)'><\/div><a class='name' href='mailto:IVPD_01@IBEW.org'>Russ Shewchuk<\/a><p class='meta-data'>VICE-PR\u00c9SIDENT INTERNATIONAL<\/p><\/li><li class='representative'><div class='profile-photo' style='background-image: url(https:\/\/www.ibewcanada.ca\/wp-content\/uploads\/2017\/05\/Ken-Cooper-print-scaled.jpg)'><\/div><a class='name' href='mailto:IVPD_01@IBEW.org?subject=ATTN:Cooper'>Kenneth W. Cooper<\/a><p class='meta-data'>PR\u00c9SIDENT INTERNATIONAL<\/p><\/li><li class='representative'><div class='profile-photo' style='background-image: url(https:\/\/www.ibewcanada.ca\/wp-content\/uploads\/2017\/05\/221213PaulNoble.jpg)'><\/div><a class='name' href='mailto:IVPD_01@IBEW.org?subject=ATTN: Nobel'>Paul Noble<\/a><p class='meta-data'>SECR\u00c9TAIRE-TR\u00c9SORIER INTERNATIONAL <\/p><\/li><\/ul>\n<div class=\"red-block\">\n<h3>Repr\u00e9sentants\u00a0 internationaux<\/h3>\n<\/div>\n<ul class='representative-listings '><li class='representative'><a class='name' href='mailto:Mike_Leblanc@ibew.org'>Mike LeBlanc<\/a><p class='meta-data'>ASST. EX\u00c9CUTIF AU VPI<\/p><\/li><li class='representative'><a class='name' href='mailto:Mark_Watson@ibew.org'>Mark Watson<\/a><p class='meta-data'>ASST. EX\u00c9CUTIF AU VPI ET D\u00c9VELOPPEMENT DES AFFAIRES<\/p><\/li><li class='representative'><a class='name' href='mailto:Paul_Dolsen@IBEW.org'>Paul Dolsen<\/a><p class='meta-data'>REPR\u00c9SENTANT INTERNATIONAL<\/p><\/li><\/ul>\n<div class=\"blue-block\">\n<h3>International Representatives &#8211; Local Union Service Reps<\/h3>\n<\/div>\n<ul class='representative-listings '><li class='representative'><a class='name' href='mailto:Adam_VanSteinburg@IBEW.org'>Adam Van Steinburg<\/a><p class='meta-data'>COLOMBIE-BRITANNIQUE, TERRITOIRES DU NORD-OUEST ET LE YUKON<\/p><\/li><li class='representative'><a class='name' href='mailto:bill_begemann@IBEW.org'>Bill Begemann<\/a><p class='meta-data'>ALBERTA, SASKATCHEWAN ET REPR\u00c9SENTANT AU SEIN DU GENERAL PRESIDENTS' MAINTENANCE COMMITTEE<\/p><\/li><li class='representative'><a class='name' href='mailto:Chirs_Taran@IBEW.org'>Chris Taran<\/a><p class='meta-data'>NORD DE L\u2019ONTARIO ET MANITOBA<\/p><\/li><li class='representative'><a class='name' href='mailto:rich_dipietro@ibew.org'>Rich Di Pietro<\/a><p class='meta-data'>ONTARIO<\/p><\/li><li class='representative'><a class='name' href='mailto:derek_harvey@ibew.org'>Derek Harvey<\/a><p class='meta-data'>ONTARIO ET QU\u00c9BEC<\/p><\/li><li class='representative'><a class='name' href='mailto:Cordell_Cole@ibew.org'>Cordell Cole<\/a><p class='meta-data'>TERRE-NEUVE-ET-LABRADOR, NOUVEAU-BRUNSWICK, NOUVELLE-\u00c9COSSE ET REPR\u00c9SENTANT AU SEIN DU GENERAL PRESIDENTS' MAINTENANCE COMMITTEE<\/p><\/li><li class='representative'><a class='name' href='mailto:Ross_Galbraith@IBEW.org'>Ross Galbraith<\/a><p class='meta-data'>NOUVELLE-\u00c9COSSE, \u00ceLE-DU-PRINCE-\u00c9DOUARD, NOUVEAU-BRUNSWICK ET TERRE-NEUVE-ET-LABRADOR<\/p><\/li><li class='representative'><a class='name' href='mailto:steven_martin@ibew.org'>Steve Martin<\/a><p class='meta-data'>REPR\u00c9SENTANT DES CHEMINS DE FER<\/p><\/li><li class='representative'><a class='name' href='mailto:bruce_harris@ibew.org'>Bruce Harris<\/a><p class='meta-data'>ONTARIO ET REPR\u00c9SENTANT NATIONAL DES SERVICES PUBLICS <\/p><\/li><\/ul>\n<div class=\"blue-block\">\n<h3>Repr\u00e9sentants\u00a0 internationaux &#8211; Organisateurs<\/h3>\n<\/div>\n<ul class='representative-listings '><li class='representative'><a class='name' href='mailto:Mike_Espenell@ibew.org'>Michael Espenell<\/a><p class='meta-data'>Outside Construction Organizer (OCO), Canada<\/p><\/li><li class='representative'><a class='name' href='mailto:martin_duckworth@ibew.org'>Martin Duckworth<\/a><p class='meta-data'>COORDONNATEUR DE L\u2019ORGANISATION SYNDICALE POUR LA CONSTRUCTION - CANADA OUEST<\/p><\/li><li class='representative'><a class='name' href='mailto:brad_wood@ibew.org'>Brad Wood<\/a><p class='meta-data'>COORDONNATEUR DE L'ORGANISATION SYNDICALE DU DISTRICT - CANADA EST (QU\u00c9BEC ET PROVINCES MARITIMES)<\/p><\/li><li class='representative'><a class='name' href='mailto:brett_youngberg@ibew.org'>Brett Youngberg<\/a><p class='meta-data'>COORDONNATEUR DE L'ORGANISATION SYNDICALE DU DISTRICT - CENTRE DU CANADA (ONTARIO)<\/p><\/li><li class='representative'><a class='name' href='mailto:david_priest@ibew.org?subject=Web Inquiry'>David Priest<\/a><p class='meta-data'>COORDONNATEUR DE L\u2019ORGANISATION SYNDICALE DU SECTEUR INDUSTRIEL ET PROFESSIONNEL - CANADA OUEST<\/p><\/li><li class='representative'><a class='name' href='mailto:matt_wayland@ibew.org'>Matt Wayland<\/a><p class='meta-data'>COORDONNATEUR DE L\u2019ORGANISATION SYNDICALE DU SECTEUR INDUSTRIEL ET PROFESSIONNEL - CANADA EST<\/p><\/li><li class='representative'><a class='name' href='mailto:dayna_gill@ibew.org'>Dayna Gill<\/a><p class='meta-data'>PRINCIPAL ORGANISATEUR SYNDICAL INTERNATIONAL - CANADA OUEST<\/p><\/li><li class='representative'><a class='name' href='mailto:jason_hamilton@ibew.org'>Jason Hamilton<\/a><p class='meta-data'>PRINCIPAL ORGANISATEUR SYNDICAL INTERNATIONAL - CANADA EST<\/p><\/li><\/ul>\n<div class=\"blue-block\">\n<h3>Repr\u00e9sentants\u00a0 internationaux &#8211; SP\u00c9CIALISTE DE L&#8217;\u00c9DUCATION<\/h3>\n<\/div>\n<ul class='representative-listings '><li class='representative'><a class='name' href='mailto:Kathleen_Buinimasi@IBEW.org'>Kathleen Buinimasi<\/a><p class='meta-data'>SP\u00c9CIALISTE DE L'\u00c9DUCATION<\/p><\/li><li class='representative'><a class='name' href='mailto:RICHARD_PRASAD@IBEW.ORG'>Richard Prasad<\/a><p class='meta-data'>REPR\u00c9SENTANT DE L\u2019\u00c9DUCATION<\/p><\/li><li class='representative'><a class='name' href='mailto:dustin_brecht@ibew.org'>Dustin Brecht<\/a><p class='meta-data'>REPR\u00c9SENTANT DE L\u2019\u00c9DUCATION<\/p><\/li><\/ul>\n<div class=\"blue-block\">\n<h3>Repr\u00e9sentants\u00a0 internationaux &#8211; DES RELATIONS GOUVERNEMENTALES<\/h3>\n<\/div>\n<ul class='representative-listings '><li class='representative'><a class='name' href='mailto:Brandon_dyck@ibew.org'>Brandon Dyck<\/a><p class='meta-data'>COORDONNATEUR DES RELATIONS GOUVERNEMENTALES<\/p><\/li><li class='representative'><a class='name' href='mailto:travis_merrett@ibew.org'>Travis Merrett<\/a><p class='meta-data'>RELATIONS GOUVERNEMENTALES CANADIENNES<\/p><\/li><\/ul>\n<div class=\"blue-block\">\n<h3>Repr\u00e9sentants\u00a0 internationaux &#8211; COMMERCIALISATION ET RELATIONS AVEC LES M\u00c9DIAS<\/h3>\n<\/div>\n<ul class='representative-listings '><li class='representative'><a class='name' href='mailto:shaina_hardie@ibew.org'>Shaina Hardie<\/a><p class='meta-data'>DIRECTRICE DE LA COMMERCIALISATION ET RELATIONS AVEC LES M\u00c9DIAS<\/p><\/li><\/ul>\n<div class=\"red-block\">\n<h3>Administration<\/h3>\n<\/div>\n<ul class='representative-listings '><li class='representative'><a class='name' href='mailto:alicia_ainsworth@ibew.org'>Alicia Ainsworth<\/a><p class='meta-data'>PREMIER DISTRICT<\/p><\/li><li class='representative'><a class='name' href='mailto:zuka_maksoud@ibew.org'>Zuka Maksoud<\/a><p class='meta-data'>PREMIER DISTRICT - MONTR\u00c9AL<\/p><\/li><li class='representative'><a class='name' href='mailto:liisa_newell@ibew.org'>Liisa Newell<\/a><p class='meta-data'>PREMIER DISTRICT<\/p><\/li><\/ul>\n","protected":false},"excerpt":{"rendered":"<p>Premier District\u00a0(Canada) 1450, Meyerside Drive,\u00a0bureau 300 Mississauga, Ontario L5T 2N5 T\u00e9l. : 905 564-5441 \u00a0T\u00e9l\u00e9c. :\u00a0905 564-8114\u00a0\u00a0\u00a0\u00a0\u00a0 Courriel : ivpd_01@ibew.org Repr\u00e9sentants\u00a0 internationaux International Representatives &#8211; Local Union Service Reps Repr\u00e9sentants\u00a0 internationaux &#8211; Organisateurs Repr\u00e9sentants\u00a0 internationaux &#8211; SP\u00c9CIALISTE DE L&#8217;\u00c9DUCATION Repr\u00e9sentants\u00a0 internationaux &#8211; DES RELATIONS GOUVERNEMENTALES Repr\u00e9sentants\u00a0 internationaux &#8211; COMMERCIALISATION ET RELATIONS AVEC LES M\u00c9DIAS Administration<\/p>\n","protected":false},"author":10,"featured_media":415,"parent":1000325,"menu_order":43,"comment_status":"closed","ping_status":"closed","template":"","meta":{"_acf_changed":false,"_genesis_hide_title":false,"_genesis_hide_breadcrumbs":false,"_genesis_hide_singular_image":false,"_genesis_hide_footer_widgets":false,"_genesis_custom_body_class":"","_genesis_custom_post_class":"","_genesis_layout":"","footnotes":""},"class_list":{"0":"post-210","1":"page","2":"type-page","3":"status-publish","4":"has-post-thumbnail","6":"entry"},"translation":{"provider":"WPGlobus","version":"3.0.2","language":"fr","enabled_languages":["en","fr"],"languages":{"en":{"title":true,"content":true,"excerpt":false},"fr":{"title":true,"content":true,"excerpt":false}}},"acf":[],"_links":{"self":[{"href":"https:\/\/www.ibewcanada.ca\/fr\/wp-json\/wp\/v2\/pages\/210","targetHints":{"allow":["GET"]}}],"collection":[{"href":"https:\/\/www.ibewcanada.ca\/fr\/wp-json\/wp\/v2\/pages"}],"about":[{"href":"https:\/\/www.ibewcanada.ca\/fr\/wp-json\/wp\/v2\/types\/page"}],"author":[{"embeddable":true,"href":"https:\/\/www.ibewcanada.ca\/fr\/wp-json\/wp\/v2\/users\/10"}],"replies":[{"embeddable":true,"href":"https:\/\/www.ibewcanada.ca\/fr\/wp-json\/wp\/v2\/comments?post=210"}],"version-history":[{"count":5,"href":"https:\/\/www.ibewcanada.ca\/fr\/wp-json\/wp\/v2\/pages\/210\/revisions"}],"predecessor-version":[{"id":1011485,"href":"https:\/\/www.ibewcanada.ca\/fr\/wp-json\/wp\/v2\/pages\/210\/revisions\/1011485"}],"up":[{"embeddable":true,"href":"https:\/\/www.ibewcanada.ca\/fr\/wp-json\/wp\/v2\/pages\/1000325"}],"wp:featuredmedia":[{"embeddable":true,"href":"https:\/\/www.ibewcanada.ca\/fr\/wp-json\/wp\/v2\/media\/415"}],"wp:attachment":[{"href":"https:\/\/www.ibewcanada.ca\/fr\/wp-json\/wp\/v2\/media?parent=210"}],"curies":[{"name":"wp","href":"https:\/\/api.w.org\/{rel}","templated":true}]}}