{"id":193,"date":"2017-01-09T15:23:04","date_gmt":"2017-01-09T15:23:04","guid":{"rendered":"https:\/\/www.ibewcanada.ca\/?page_id=193"},"modified":"2023-04-04T18:15:15","modified_gmt":"2023-04-04T18:15:15","slug":"ibew-across-canada","status":"publish","type":"page","link":"https:\/\/www.ibewcanada.ca\/fr\/ibew-across-canada\/","title":{"rendered":"FIOE \u00c0 TRAVERS LE CANADA"},"content":{"rendered":"<p>Bienvenue cons\u0153urs et confr\u00e8res sur le site internet de la FIOE Canada. Ce site vise \u00e0 informer les Canadiennes et les Canadiens sur nos valeurs, les domaines dans lesquels nous travaillons et tous les avantages qu\u2019apportent nos exp\u00e9riences et solides comp\u00e9tences professionnelles dans le quotidien de chaque ville, chaque village et chaque arrondissement d\u2019un bout \u00e0 l\u2019autre de cette nation.<\/p>\n<p>Tout comme vous venez en aide au fonctionnement et au d\u00e9veloppement du Canada, la FIOE Canada est l\u00e0 pour vous. Pour en savoir plus, prenez le temps de visiter notre site internet et revenez-nous voir pour \u00eatre \u00e0 l&#8217;aff\u00fbt des mises \u00e0 jour.<\/p>\n<p style=\"text-align: left;\"><strong>Les objectifs de la Fraternit\u00e9 internationale des ouvriers en \u00e9lectricit\u00e9 sont :<\/strong><\/p>\n<ul>\n<li style=\"text-align: left;\"><strong>d\u2019organiser tous les ouvriers de toute l\u2019industrie \u00e9lectrique \u00e0 travers le Canada y compris ceux travaillant dans les entreprises de service public et les manufactures d\u2019\u00e9quipement \u00e9lectrique, en sections locales; <\/strong><\/li>\n<li style=\"text-align: left;\"><strong>de promouvoir des m\u00e9thodes raisonnables de travail; <\/strong><\/li>\n<li style=\"text-align: left;\"><strong>de cultiver des sentiments d\u2019amiti\u00e9 parmi ceux de notre industrie; <\/strong><\/li>\n<li style=\"text-align: left;\"><strong>de r\u00e9gler toutes disputes entre employeurs et employ\u00e9s par arbitrage (si possible); <\/strong><\/li>\n<li style=\"text-align: left;\"><strong>de s\u2019entraider dans les cas de maladie ou de d\u00e9tresse; <\/strong><\/li>\n<li style=\"text-align: left;\"><strong>de procurer des emplois; <\/strong><\/li>\n<li style=\"text-align: left;\"><strong>de r\u00e9duire les heures journali\u00e8res de travail;<\/strong><\/li>\n<li style=\"text-align: left;\"><strong>de procurer une paie ad\u00e9quate pour notre travail; <\/strong><\/li>\n<li style=\"text-align: left;\"><strong>de voir \u00e0 atteindre un niveau de vie de plus en plus \u00e9lev\u00e9; <\/strong><\/li>\n<li style=\"text-align: left;\"><strong>de rechercher la s\u00e9curit\u00e9 pour l\u2019individu; <\/strong><\/li>\n<li style=\"text-align: left;\"><strong>et par des moyens propres et l\u00e9gaux, d\u2019\u00e9lever le moral et les conditions intellectuelles et sociales de nos membres, de leurs familles et de leurs d\u00e9pendants, afin d\u2019en faire de meilleurs citoyens.<\/strong><\/li>\n<\/ul>\n<p>&nbsp;<\/p>\n","protected":false},"excerpt":{"rendered":"<p>Bienvenue cons\u0153urs et confr\u00e8res sur le site internet de la FIOE Canada. Ce site vise \u00e0 informer les Canadiennes et les Canadiens sur nos valeurs, les domaines dans lesquels nous travaillons et tous les avantages qu\u2019apportent nos exp\u00e9riences et solides comp\u00e9tences professionnelles dans le quotidien de chaque ville, chaque village et chaque arrondissement d\u2019un bout&#8230;<\/p>\n","protected":false},"author":10,"featured_media":416,"parent":0,"menu_order":44,"comment_status":"closed","ping_status":"closed","template":"","meta":{"_acf_changed":false,"_genesis_hide_title":false,"_genesis_hide_breadcrumbs":false,"_genesis_hide_singular_image":false,"_genesis_hide_footer_widgets":false,"_genesis_custom_body_class":"","_genesis_custom_post_class":"","_genesis_layout":"","footnotes":""},"class_list":{"0":"post-193","1":"page","2":"type-page","3":"status-publish","4":"has-post-thumbnail","6":"entry"},"translation":{"provider":"WPGlobus","version":"3.0.2","language":"fr","enabled_languages":["en","fr"],"languages":{"en":{"title":true,"content":true,"excerpt":false},"fr":{"title":true,"content":true,"excerpt":false}}},"acf":[],"_links":{"self":[{"href":"https:\/\/www.ibewcanada.ca\/fr\/wp-json\/wp\/v2\/pages\/193","targetHints":{"allow":["GET"]}}],"collection":[{"href":"https:\/\/www.ibewcanada.ca\/fr\/wp-json\/wp\/v2\/pages"}],"about":[{"href":"https:\/\/www.ibewcanada.ca\/fr\/wp-json\/wp\/v2\/types\/page"}],"author":[{"embeddable":true,"href":"https:\/\/www.ibewcanada.ca\/fr\/wp-json\/wp\/v2\/users\/10"}],"replies":[{"embeddable":true,"href":"https:\/\/www.ibewcanada.ca\/fr\/wp-json\/wp\/v2\/comments?post=193"}],"version-history":[{"count":1,"href":"https:\/\/www.ibewcanada.ca\/fr\/wp-json\/wp\/v2\/pages\/193\/revisions"}],"predecessor-version":[{"id":1009800,"href":"https:\/\/www.ibewcanada.ca\/fr\/wp-json\/wp\/v2\/pages\/193\/revisions\/1009800"}],"wp:featuredmedia":[{"embeddable":true,"href":"https:\/\/www.ibewcanada.ca\/fr\/wp-json\/wp\/v2\/media\/416"}],"wp:attachment":[{"href":"https:\/\/www.ibewcanada.ca\/fr\/wp-json\/wp\/v2\/media?parent=193"}],"curies":[{"name":"wp","href":"https:\/\/api.w.org\/{rel}","templated":true}]}}