{"id":178,"date":"2017-01-09T15:04:22","date_gmt":"2017-01-09T15:04:22","guid":{"rendered":"https:\/\/www.ibewcanada.ca\/?page_id=178"},"modified":"2025-09-05T16:02:35","modified_gmt":"2025-09-05T20:02:35","slug":"member-resources","status":"publish","type":"page","link":"https:\/\/www.ibewcanada.ca\/fr\/member-resources\/","title":{"rendered":"Avantages des Membres et Ressources"},"content":{"rendered":"<p><img decoding=\"async\" class=\"aligncenter\" src=\"https:\/\/ibewmerchandise.com\/wp-content\/uploads\/2019\/06\/ibew_logo_text.png\" alt=\"IBEW Merchandise\" width=\"317\" height=\"106\" \/><\/p>\n<p>Boutique de la FIOE : Tous les articles de la boutique de la FIOE sont fabriqu\u00e9s aux \u00c9tats-Unis ou au Canada et sont garantis \u00e0 100 %. Tous les articles, sauf un, sont fabriqu\u00e9s par des membres du syndicat. <a title=\"IBEW Store\" href=\"https:\/\/ibewmerchandise.com\/\" target=\"_blank\" rel=\"noopener\"><span style=\"text-decoration: underline;\"><strong>Cliquez ici<\/strong><\/span><\/a> pour visiter la boutique de la FIOE.<\/p>\n<p style=\"text-align: center;\">&#8212;&#8212;&#8212;&#8212;&#8212;&#8212;&#8212;&#8212;&#8212;&#8212;&#8212;&#8212;&#8212;&#8212;&#8212;&#8212;&#8212;&#8212;&#8212;&#8212;&#8212;&#8212;&#8212;&#8212;&#8212;&#8212;&#8212;&#8212;&#8212;<\/p>\n<p><img decoding=\"async\" class=\"aligncenter\" src=\"https:\/\/www.ibewcanada.ca\/wp-content\/uploads\/2020\/06\/H2H.jpg\" width=\"287\" height=\"133\" \/><\/p>\n<p style=\"text-align: left;\"><em><a href=\"http:\/\/www.helmetstohardhats.ca\/\">Du R\u00e9giment aux B\u00e2timents<\/a>\u00a0<\/em>\u00a0est la principale porte d&#8217;entr\u00e9e de l&#8217;industrie de la construction pour les hommes et les femmes qui ont servi dans l&#8217;arm\u00e9e canadienne et est reconnue comme un fournisseur de service de premier plan par les Forces arm\u00e9es canadienne, les Anciens Combattants Canada, le Sceau rouge Canada, le Guichet-Emplois du Canada et 14 Syndicats des m\u00e9tiers de la construction et les propri\u00e9taires\u00a0dans l&#8217;industrie.<\/p>\n<p style=\"text-align: left;\">Voici la brochure pr\u00e9par\u00e9e par <em>Du R\u00e9giment aux B\u00e2timents<\/em>\u00a0d\u00e9crivant son programme et pr\u00e9sente quelques t\u00e9moignages des anciens combattants et des intervenants de l&#8217;industrie :<\/p>\n<p style=\"text-align: center;\"><a href=\"http:\/\/www.helmetstohardhats.ca\/xbulk\/fr\/Du-Regiment-aux-Batiments-mai2020-Brochure-Fr.pdf\">http:\/\/www.helmetstohardhats.ca\/xbulk\/fr\/Du-Regiment-aux-Batiments-mai2020-Brochure-Fr.pdf<\/a><\/p>\n<p>&nbsp;<\/p>\n<p style=\"text-align: center;\">&#8212;&#8212;&#8212;&#8212;&#8212;&#8212;&#8212;&#8212;&#8212;&#8212;&#8212;&#8212;&#8212;&#8212;&#8212;&#8212;&#8212;&#8212;&#8212;&#8212;&#8212;&#8212;&#8212;&#8212;&#8212;&#8212;&#8212;&#8212;&#8212;&#8211;<\/p>\n<p><a href=\"www.tdassurance.com\/ibew\" target=\"_blank\" rel=\"noopener\"><img decoding=\"async\" class=\"aligncenter\" src=\"https:\/\/www.ibewcanada.ca\/wp-content\/uploads\/2020\/08\/TDI-Logo.jpg\" alt=\"\" width=\"302\" height=\"80\" \/><\/a><\/p>\n<p style=\"text-align: center;\">Offre de TD Assurance Meloche Monnex:<br \/>\n\u00c0 titre de partenaire de confiance, le programme TD Assurance Meloche Monnex est con\u00e7u pour<br \/>\naider les membres de la FIOE \u00e0 avoir acc\u00e8s \u00e0 des tarifs d\u2019assurance pr\u00e9f\u00e9rentiels sur l\u2019assurance<br \/>\nauto et habitation pour propri\u00e9taire, copropri\u00e9taire et locataire.<\/p>\n<p>Pour en savoir plus ou pour obtenir une soumission, allez \u00e0 <a href=\"http:\/\/www.tdassurance.com\/ibew\" target=\"_blank\" rel=\"noopener\">www.tdassurance.com\/ibew<\/a> ou composez le 1-844-257-2361.<\/p>\n<p style=\"text-align: center;\">&#8212;&#8212;&#8212;&#8212;&#8212;&#8212;&#8212;&#8212;&#8212;&#8212;&#8212;&#8212;&#8212;&#8212;&#8212;&#8212;&#8212;&#8212;&#8212;&#8212;&#8212;&#8212;&#8212;&#8212;&#8212;&#8212;&#8212;&#8212;&#8212;&#8211;<\/p>\n<p><a href=\"https:\/\/unionsavings.ca\/fr\/\"><img loading=\"lazy\" decoding=\"async\" class=\"aligncenter\" src=\"https:\/\/www.ibewcanada.ca\/wp-content\/uploads\/2020\/01\/union-savings.png\" alt=\"\" width=\"543\" height=\"93\" \/><\/a><\/p>\n<p style=\"text-align: center;\">\u00c0 titre de membre de la FIOE, vous avez droit aux rabais offerts dans le cadre du programme Pouvoir syndical. Pour obtenir de plus amples renseignements, consultez le site \u00e0 l\u2019adresse <a href=\"http:\/\/www.unionsavings.ca\" target=\"_blank\" rel=\"noopener noreferrer\">www.unionsavings.ca<\/a>.<\/p>\n<p style=\"text-align: center;\">&#8212;&#8212;&#8212;&#8212;&#8212;&#8212;&#8212;&#8212;&#8212;&#8212;&#8212;&#8212;&#8212;&#8212;&#8212;&#8212;&#8212;&#8212;&#8212;&#8212;&#8212;&#8212;&#8212;&#8212;&#8212;&#8212;&#8212;&#8212;&#8212;&#8211;<\/p>\n<p><a href=\"https:\/\/www.ibewcanada.ca\/wp-content\/uploads\/2019\/05\/vubiz.png\"><img loading=\"lazy\" decoding=\"async\" class=\"alignleft wp-image-1003287\" src=\"https:\/\/www.ibewcanada.ca\/wp-content\/uploads\/2019\/05\/vubiz.png\" alt=\"\" width=\"259\" height=\"99\" srcset=\"https:\/\/www.ibewcanada.ca\/wp-content\/uploads\/2019\/05\/vubiz.png 392w, https:\/\/www.ibewcanada.ca\/wp-content\/uploads\/2019\/05\/vubiz-300x115.png 300w\" sizes=\"(max-width: 259px) 100vw, 259px\" \/><\/a><\/p>\n<p>La FIOE Canada, votre section locale et notre partenaire en mati\u00e8re de formation Vubiz Ltd sont fiers de pouvoir vous donner acc\u00e8s \u00e0 une centaine de cours en ligne pr\u00e9pay\u00e9s. Ces cours couvrent des sujets allant de SIMDUT\u00a02015 pour les travailleurs, \u00e0 Microsoft Office\u00a02010, au conseil de s\u00e9curit\u00e9 pour le dos, jusqu\u2019\u00e0 des cours de finance de base pour VuKidz et bien plus. Un certain nombre d\u2019entre eux sont offerts en fran\u00e7ais. Le cours est offert \u00e0 vous et \u00e0 vos ami(e)s et \u00e0 votre famille, et ce 24 heures sur 24 et 7 jours sur 7 jusqu\u2019au 1<sup>er<\/sup> mai 2022, c\u2019est-\u00e0-dire, vous avez un d\u00e9lai de trois ans pour suivre le cours ou le suivre \u00e0 nouveau. Assurez-vous d\u2019en prendre avantage. Nous sommes persuad\u00e9s que vous et vos ami(e)s ainsi que les membres de votre famille trouverez plusieurs cours qui permettront de r\u00e9pondre \u00e0 vos besoins et \u00e0 vos int\u00e9r\u00eats.<\/p>\n<p>Pour de l\u2019information au sujet de l\u2019acc\u00e8s, veuillez communiquer avec votre section locale ou avec Norm Vokey de Vubiz. Pour rejoindre Norm, veuillez fournir le num\u00e9ro de votre section locale et votre courriel \u00e0 l\u2019adresse suivante\u00a0: <a href=\"mailto:norm.vokey@vubiz.com\">norm.vokey@vubiz.com<\/a> ou vous pouvez appeler au\u00a0: 416-949-2071.<\/p>\n<p style=\"text-align: center;\">&#8212;&#8212;&#8212;&#8212;&#8212;&#8212;&#8212;&#8212;&#8212;&#8212;&#8212;&#8212;&#8212;&#8212;&#8212;&#8212;&#8212;&#8212;&#8212;&#8212;&#8212;&#8212;&#8212;&#8212;&#8212;&#8212;&#8212;&#8212;&#8212;&#8212;&#8212;&#8212;&#8212;&#8212;&#8212;<\/p>\n<p style=\"text-align: center;\"><a href=\"https:\/\/www.ibewcanada.ca\/wp-content\/uploads\/2025\/09\/FR_PROJECTED-SCHEDULE-OF-MEETINGS-2025-202624.pdf\">R\u00c9UNIONS PR\u00c9VUES EN 2025-2026<\/a><\/p>\n<p style=\"text-align: center;\">&#8212;&#8212;&#8212;&#8212;&#8212;&#8212;&#8212;&#8212;&#8212;&#8212;&#8212;&#8212;&#8212;&#8212;&#8212;&#8212;&#8212;&#8212;&#8212;&#8212;&#8212;&#8212;&#8212;&#8212;&#8212;&#8212;&#8212;&#8212;&#8212;&#8212;&#8212;&#8212;&#8212;&#8212;&#8212;<\/p>\n<p style=\"text-align: center;\"><a href=\"http:\/\/WWW.IBEW.ORG\"><strong>IBEW INTERNATIONAL<\/strong><img loading=\"lazy\" decoding=\"async\" class=\"aligncenter wp-image-1003098 \" src=\"https:\/\/www.ibewcanada.ca\/wp-content\/uploads\/2019\/04\/IBEWINTL.png\" alt=\"\" width=\"144\" height=\"145\" srcset=\"https:\/\/www.ibewcanada.ca\/wp-content\/uploads\/2019\/04\/IBEWINTL.png 230w, https:\/\/www.ibewcanada.ca\/wp-content\/uploads\/2019\/04\/IBEWINTL-150x150.png 150w\" sizes=\"(max-width: 144px) 100vw, 144px\" \/><\/a><\/p>\n<p style=\"text-align: center;\">&#8212;&#8212;&#8212;&#8212;&#8212;&#8212;&#8212;&#8212;&#8212;&#8212;&#8212;&#8212;&#8212;&#8212;&#8212;&#8212;&#8212;&#8212;&#8212;&#8212;&#8212;&#8212;&#8212;&#8212;&#8212;&#8212;&#8212;&#8212;&#8212;&#8212;&#8212;&#8212;&#8212;&#8212;&#8212;<\/p>\n<p style=\"text-align: center;\"><a href=\"http:\/\/WWW.IBEW.ORG\"> \u00a0<\/a><a href=\"https:\/\/www.ibew.org\/articles\/24ElectricalWorker\/EW2409\/index.html?link_id=0&amp;can_id=c39a59b0e14d3390a4fa488d7203f869&amp;source=email-ibew-media-wire-january-4-2024&amp;email_referrer=email_2189783&amp;email_subject=ibew-media-wire-february-1-2024\"><img loading=\"lazy\" decoding=\"async\" class=\"alignnone\" src=\"http:\/\/www.ibew.org\/articles\/19ElectricalWorker\/EW1904\/images\/ew_logo.gif\" alt=\"header\" width=\"296\" height=\"115\" \/><\/a><\/p>\n<p>&nbsp;<\/p>\n","protected":false},"excerpt":{"rendered":"<p>Boutique de la FIOE : Tous les articles de la boutique de la FIOE sont fabriqu\u00e9s aux \u00c9tats-Unis ou au Canada et sont garantis \u00e0 100 %. Tous les articles, sauf un, sont fabriqu\u00e9s par des membres du syndicat. Cliquez ici pour visiter la boutique de la FIOE. &#8212;&#8212;&#8212;&#8212;&#8212;&#8212;&#8212;&#8212;&#8212;&#8212;&#8212;&#8212;&#8212;&#8212;&#8212;&#8212;&#8212;&#8212;&#8212;&#8212;&#8212;&#8212;&#8212;&#8212;&#8212;&#8212;&#8212;&#8212;&#8212; Du R\u00e9giment aux B\u00e2timents\u00a0\u00a0est la principale&#8230;<\/p>\n","protected":false},"author":10,"featured_media":413,"parent":0,"menu_order":46,"comment_status":"closed","ping_status":"closed","template":"page_landing.php","meta":{"_acf_changed":false,"_genesis_hide_title":false,"_genesis_hide_breadcrumbs":false,"_genesis_hide_singular_image":false,"_genesis_hide_footer_widgets":false,"_genesis_custom_body_class":"","_genesis_custom_post_class":"","_genesis_layout":"","footnotes":""},"class_list":{"0":"post-178","1":"page","2":"type-page","3":"status-publish","4":"has-post-thumbnail","6":"entry"},"translation":{"provider":"WPGlobus","version":"3.0.2","language":"fr","enabled_languages":["en","fr"],"languages":{"en":{"title":true,"content":true,"excerpt":false},"fr":{"title":true,"content":true,"excerpt":false}}},"acf":[],"_links":{"self":[{"href":"https:\/\/www.ibewcanada.ca\/fr\/wp-json\/wp\/v2\/pages\/178","targetHints":{"allow":["GET"]}}],"collection":[{"href":"https:\/\/www.ibewcanada.ca\/fr\/wp-json\/wp\/v2\/pages"}],"about":[{"href":"https:\/\/www.ibewcanada.ca\/fr\/wp-json\/wp\/v2\/types\/page"}],"author":[{"embeddable":true,"href":"https:\/\/www.ibewcanada.ca\/fr\/wp-json\/wp\/v2\/users\/10"}],"replies":[{"embeddable":true,"href":"https:\/\/www.ibewcanada.ca\/fr\/wp-json\/wp\/v2\/comments?post=178"}],"version-history":[{"count":5,"href":"https:\/\/www.ibewcanada.ca\/fr\/wp-json\/wp\/v2\/pages\/178\/revisions"}],"predecessor-version":[{"id":1011673,"href":"https:\/\/www.ibewcanada.ca\/fr\/wp-json\/wp\/v2\/pages\/178\/revisions\/1011673"}],"wp:featuredmedia":[{"embeddable":true,"href":"https:\/\/www.ibewcanada.ca\/fr\/wp-json\/wp\/v2\/media\/413"}],"wp:attachment":[{"href":"https:\/\/www.ibewcanada.ca\/fr\/wp-json\/wp\/v2\/media?parent=178"}],"curies":[{"name":"wp","href":"https:\/\/api.w.org\/{rel}","templated":true}]}}