{"id":158,"date":"2017-01-06T11:10:18","date_gmt":"2017-01-06T11:10:18","guid":{"rendered":"https:\/\/www.ibewcanada.ca\/?page_id=158"},"modified":"2025-08-28T13:53:29","modified_gmt":"2025-08-28T17:53:29","slug":"home-2","status":"publish","type":"page","link":"https:\/\/www.ibewcanada.ca\/fr\/","title":{"rendered":"Home"},"content":{"rendered":"<div class='cycle-slideshow' data-cycle-timeout=10000 data-cycle-slides='> div' data-cycle-pager='.custom-pager'><div class='hero-section' style='background-image: url(https:\/\/www.ibewcanada.ca\/wp-content\/uploads\/2026\/03\/SLIDER.png)'><a href='https:\/\/www.ibewcanada.ca\/fr\/ibew-canada-international-womens-day-photo-contest\/'><div class='wrap'><div class='hero-text'><p class='hero-title'>Concours photo<\/p><p>C\u00e9l\u00e9brons les femmes de la FIOE!<br \/>\r\nFi\u00e8rement commandit\u00e9 par<br \/>\r\nDate limite : 31 mars 2026<\/p><\/div><\/div><\/a><\/div><div class='hero-section' style='background-image: url(https:\/\/www.ibewcanada.ca\/wp-content\/uploads\/2017\/01\/construction.jpg)'><a href='https:\/\/www.ibewcanada.ca\/fr\/construction\/'><div class='wrap'><div class='hero-text'><p class='hero-title'>Construction<\/p><p>Nous respectons les normes les plus \u00e9lev\u00e9es en mati\u00e8re de professionnalisme, de s\u00e9curit\u00e9 et de formation.<\/p><\/div><\/div><\/a><\/div><div class='hero-section' style='background-image: url(https:\/\/www.ibewcanada.ca\/wp-content\/uploads\/2020\/06\/Government-NAV-e1591039511289.png)'><a href='https:\/\/www.ibewcanada.ca\/fr\/government\/'><div class='wrap'><div class='hero-text'><p class='hero-title'>Gouvernement<\/p><p>Nos membres sont l\u00e0 pour les Canadiens \u2013 partout et en tout temps.<\/p><\/div><\/div><\/a><\/div><div class='hero-section' style='background-image: url(https:\/\/www.ibewcanada.ca\/wp-content\/uploads\/2017\/01\/manufacturing.jpg)'><a href='https:\/\/www.ibewcanada.ca\/fr\/manufacturing\/'><div class='wrap'><div class='hero-text'><p class='hero-title'>Fabrication<\/p><p>Nous sommes un syndicat qui repr\u00e9sente plus de 70 000 travailleurs hautement qualifi\u00e9s dans le domaine de l'\u00e9lectricit\u00e9.<\/p><\/div><\/div><\/a><\/div><div class='hero-section' style='background-image: url(https:\/\/www.ibewcanada.ca\/wp-content\/uploads\/2017\/01\/railroads.jpg)'><a href='https:\/\/www.ibewcanada.ca\/fr\/railroads\/'><div class='wrap'><div class='hero-text'><p class='hero-title'>Chemin de Fer<\/p><p>Le Canada compte sur les comp\u00e9tences et l\u2019expertise que nous poss\u00e9dons<\/p><\/div><\/div><\/a><\/div><div class='hero-section' style='background-image: url(https:\/\/www.ibewcanada.ca\/wp-content\/uploads\/2017\/01\/telecommunications.jpg)'><a href='https:\/\/www.ibewcanada.ca\/fr\/telecom\/'><div class='wrap'><div class='hero-text'><p class='hero-title'>T\u00e9l\u00e9communications<\/p><p>La FIOE appuie les Canadiens depuis 1899 et nous le ferons toujours.<\/p><\/div><\/div><\/a><\/div><\/div><div class='pager-wrap'><div class='custom-pager'><\/div><\/div>\n<div class=\"intro-text\">\n<div class=\"wrap\">\n<p class=\"tablet-only\"><a style=\"display: inline-block;\" href=\"https:\/\/www.ibewcanada.ca\/how-to-get-organized\/\"><img decoding=\"async\" src=\"https:\/\/www.ibewcanada.ca\/wp-content\/themes\/genesis-sample\/images\/how-to-get-organized-fr.png\" alt=\"How to Get Organized\" \/><\/a><a style=\"margin-left: 6px; display: inline-block;\" href=\"http:\/\/ibewmade.com\/\" target=\"_blank\" rel=\"noopener\"><img decoding=\"async\" src=\"https:\/\/www.ibewcanada.ca\/wp-content\/themes\/genesis-sample\/images\/ibew-union-made.png\" alt=\"How to Get Organized\" \/><\/a><br \/>\n<!-- <img decoding=\"async\" class=\"mobile-only\" src=\"https:\/\/www.ibewcanada.ca\/wp-content\/themes\/genesis-sample\/images\/how-to-get-organized.png\" alt=\"How to Get Organized\" \/> --><\/p>\n<div class=\"row\">\n<div class=\"one-half first\">\n<h3>NOUS SOMMES L\u00c0 POUR VOUS<\/h3>\n<p>Les lumi\u00e8res allum\u00e9es ne sont pas justes gr\u00e2ce aux fils \u00e9lectriques.<\/p>\n<p>La transmission de signal n&#8217;est pas juste gr\u00e2ce aux cables de communication.<\/p>\n<p>C&#8217;est gr\u00e2ce aux individus. Des gens laborieux.<\/p>\n<p>C&#8217;est gr\u00e2ce \u00e0 nos consoeurs et \u00e0 nos confr\u00e8res partout au Canada.<\/p>\n<\/div>\n<div class=\"one-half\">\n<h3>DERNI\u00c8RES NOUVELLES<\/h3>\n<div><ul class='custom-sc latest-posts'><li><a href='https:\/\/www.ibewcanada.ca\/fr\/news\/ibew-canada-political-progress-update-02-2026\/'>Mise \u00e0 jour sur les avanc\u00e9es politiques de la FIOE Canada 02.2026<\/a><\/li><li><a href='https:\/\/www.ibewcanada.ca\/fr\/news\/ibew-veterans-winter-meet-up-in-eastern-canada\/'>Rencontre hivernale des militaires \u00e0 la retraite de la FIOE dans l\u2019Est du Canada<\/a><\/li><li><a href='https:\/\/www.ibewcanada.ca\/fr\/news\/easter-message-from-ivp-shewchuk\/'>Message \u00e0 l\u2019occasion de P\u00e2ques du VPI Shewchuk<\/a><\/li><li><a href='https:\/\/www.ibewcanada.ca\/fr\/news\/b-c-local-earns-another-traffic-control-triumph\/'>Le local gagne une autre unit\u00e9 dans la signalisation routi\u00e8re<\/a><\/li><li><a href='https:\/\/www.ibewcanada.ca\/fr\/news\/job-posting-local-424\/'>Annonce d\u2019emploi du local 424 (anglais)<\/a><\/li><\/ul><\/div>\n<p><a class=\"outlined-button\" href=\"\/fr\/news\/\">Lire toutes les nouvelles<\/a><\/p>\n<\/div>\n<\/div>\n<\/div>\n<\/div>\n<div class=\"blue-section\">\n<div class=\"wrap\">\n<div class=\"featured-block\">\n<div class=\"image-wrap\"><\/div>\n<div class=\"text-wrap\">\n<p class=\"big no-margin\">Nous sommes la Fraternit\u00e9 Internationale des Ouvriers en \u00c9lectricit\u00e9.<\/p>\n<p>FIOE pour faire plus court.\u00a0Nous sommes l\u00e0 pour remettre les choses en ordre lors d&#8217;une catastrophe, en cas d&#8217;une coupure de courant et lorsque la vie au quotidien est arr\u00eat\u00e9e et nous le faisons de mani\u00e8re efficace et en toute s\u00e9curit\u00e9. Nous achevons nos travaux avec le type de comp\u00e9tence et de formation n\u00e9cessaires auxquels mise le Canada.<\/p>\n<p>La FIOE appuie les Canadiens depuis 1899 et nous le ferons encore m\u00eame dans les prochains 115 ans.<\/p>\n<\/div>\n<\/div>\n<\/div>\n<\/div>\n<div class=\"about\">\n<h3>\u00c0 PROPOS DE LA FIOE<\/h3>\n<p>La fraternit\u00e9 internationale des ouvriers en \u00e9lectricit\u00e9 (FIOE) est une organisation qui regroupe pr\u00e8s d\u2019un million d\u2019hommes et de femmes tout comme vous engag\u00e9 dans tous les domaines d\u2019emplois. Leurs besoins et leurs objectifs sont les m\u00eames que les v\u00f4tres. Leur appartenance \u00e0 une organisation syndicale reconnue et respect\u00e9e mondialement leur procure une force personnelle et une dignit\u00e9 humaine leur permettant de jouir au maximum d\u2019une vie meilleure et plus libre.<\/p>\n<p>Nous passons la majorit\u00e9 de notre vie d\u2019adulte \u00e0 travailler, mis \u00e0 part les tracas caus\u00e9s par la sant\u00e9 et la famille, notre emploi repr\u00e9sente aussi une de nos plus importantes pr\u00e9occupations.<\/p>\n<p>Nous sommes en droit d\u2019esp\u00e9rer que notre carri\u00e8re nous apportera un haut degr\u00e9 de satisfaction professionnelle et de nous attendre \u00e0 gagner un salaire d\u00e9cent et de travailler dans de bonnes conditions.<\/p>\n<p>Si vos espoirs ne se concr\u00e9tisent pas ou si vous souhaitez prot\u00e9ger vos salaires ainsi que vos conditions de travail, il est temps d\u2019envisager vos options.<\/p>\n<p>La fraternit\u00e9 internationale des ouvriers en \u00e9lectricit\u00e9 (FIOE) est fi\u00e8re de faire partie du Congr\u00e8s du travail du Canada depuis plus de 100 ans. La base de notre syndicat repose sur notre engagement \u00e0 recruter et \u00e0 repr\u00e9senter des travailleurs; nos membres ainsi que la long\u00e9vit\u00e9 de notre organisation en sont la preuve.<\/p>\n<p>La FIOE repr\u00e9sente les travailleurs et les travailleuses dans plusieurs secteurs d\u2019activit\u00e9s, tels que : le secteur industriel, les t\u00e9l\u00e9communications, les communications voix, donn\u00e9es et images, les services publics, la construction, la maintenance, les ateliers d\u2019usinage, les ateliers d\u2019affichage, la c\u00e2blodistribution, la radiodiffusion et la t\u00e9l\u00e9vision, les syst\u00e8mes de s\u00e9curit\u00e9, les chemins de fer, les chantiers naval, les usines de p\u00e2tes et papiers, les secteurs minier, les travaux d\u2019\u00e9mondage, ainsi que ceux \u00e0 l\u2019emploi du gouvernement et dans le domaine de la sant\u00e9.<\/p>\n<p>Joindre les rangs de la FIOE vous permettra d\u2019am\u00e9liorer votre quotidien en milieu de travail. Gr\u00e2ce \u00e0 nos ressources, les membres peuvent compter sur une representation professionnelle \u00e0 la table de n\u00e9gociation, lors d\u2019audiences de griefs ou d\u2019arbitrages, devant la commission des accidents du travail, ou tout autre domaine des relations du travail.<\/p>\n<\/div>\n<div class=\"featured-quote\">\n<div class=\"quote\">\n<p>La pr\u00e9ambule du code Canadien du travail stipule : les travailleurs, syndicats et employeurs du Canada reconnaissent et soutiennent que la libert\u00e9 syndicale et la pratique des libres n\u00e9gociations.<\/p>\n<p><small>Preamble \u2013 Canada Labour Code<\/small><\/p>\n<\/div>\n<\/div>\n","protected":false},"excerpt":{"rendered":"<p>NOUS SOMMES L\u00c0 POUR VOUS Les lumi\u00e8res allum\u00e9es ne sont pas justes gr\u00e2ce aux fils \u00e9lectriques. La transmission de signal n&#8217;est pas juste gr\u00e2ce aux cables de communication. C&#8217;est gr\u00e2ce aux individus. Des gens laborieux. C&#8217;est gr\u00e2ce \u00e0 nos consoeurs et \u00e0 nos confr\u00e8res partout au Canada. DERNI\u00c8RES NOUVELLES Lire toutes les nouvelles Nous sommes&#8230;<\/p>\n","protected":false},"author":10,"featured_media":0,"parent":0,"menu_order":48,"comment_status":"closed","ping_status":"closed","template":"","meta":{"_acf_changed":false,"_genesis_hide_title":false,"_genesis_hide_breadcrumbs":false,"_genesis_hide_singular_image":false,"_genesis_hide_footer_widgets":false,"_genesis_custom_body_class":"full-width","_genesis_custom_post_class":"","_genesis_layout":"","footnotes":""},"class_list":{"0":"post-158","1":"page","2":"type-page","3":"status-publish","5":"entry"},"translation":{"provider":"WPGlobus","version":"3.0.2","language":"fr","enabled_languages":["en","fr"],"languages":{"en":{"title":true,"content":true,"excerpt":false},"fr":{"title":true,"content":true,"excerpt":false}}},"acf":[],"_links":{"self":[{"href":"https:\/\/www.ibewcanada.ca\/fr\/wp-json\/wp\/v2\/pages\/158","targetHints":{"allow":["GET"]}}],"collection":[{"href":"https:\/\/www.ibewcanada.ca\/fr\/wp-json\/wp\/v2\/pages"}],"about":[{"href":"https:\/\/www.ibewcanada.ca\/fr\/wp-json\/wp\/v2\/types\/page"}],"author":[{"embeddable":true,"href":"https:\/\/www.ibewcanada.ca\/fr\/wp-json\/wp\/v2\/users\/10"}],"replies":[{"embeddable":true,"href":"https:\/\/www.ibewcanada.ca\/fr\/wp-json\/wp\/v2\/comments?post=158"}],"version-history":[{"count":4,"href":"https:\/\/www.ibewcanada.ca\/fr\/wp-json\/wp\/v2\/pages\/158\/revisions"}],"predecessor-version":[{"id":1011560,"href":"https:\/\/www.ibewcanada.ca\/fr\/wp-json\/wp\/v2\/pages\/158\/revisions\/1011560"}],"wp:attachment":[{"href":"https:\/\/www.ibewcanada.ca\/fr\/wp-json\/wp\/v2\/media?parent=158"}],"curies":[{"name":"wp","href":"https:\/\/api.w.org\/{rel}","templated":true}]}}