{"id":1012323,"date":"2026-02-05T19:09:34","date_gmt":"2026-02-06T00:09:34","guid":{"rendered":"https:\/\/www.ibewcanada.ca\/?page_id=1012323"},"modified":"2026-02-10T12:18:28","modified_gmt":"2026-02-10T17:18:28","slug":"first-nations-metis-and-inuit-circle","status":"publish","type":"page","link":"https:\/\/www.ibewcanada.ca\/fr\/first-nations-metis-and-inuit-circle\/","title":{"rendered":"Le Cercle des Premi\u00e8res Nations, des M\u00e9tis et des Inuits"},"content":{"rendered":"<p>Le bureau du Premier District a mis en place un Cercle des Premi\u00e8res Nations, des M\u00e9tis et des Inuits \u00e0 l\u2019intention des membres de la FIOE qui d\u00e9sirent y participer. Le but de ce Cercle est de rassembler les membres du Canada, en favorisant un lieu o\u00f9 les voix et les id\u00e9es peuvent s\u2019exprimer pour renforcer notre syndicat et pour renforcer notre engagement en faveur de la r\u00e9conciliation.<\/p>\n<p>L\u2019objectif de ce Cercle est de pr\u00e9senter des initiatives pour mieux appuyer les Premi\u00e8res Nations, les M\u00e9tis et les Inuits qui travaillent dans l\u2019industrie \u00e9lectrique. Il permettra aussi \u00e0 la FIOE de continuer \u00e0 ouvrir la voie pour promouvoir l\u2019inclusion dans les m\u00e9tiers de la construction et dans l\u2019ensemble du mouvement syndical.<\/p>\n<h3>Dates des rencontres en 2026<\/h3>\n<p>Mercredi 11 f\u00e9vrier 2026 \u00e0 19\u00a0h\u00a030 (HNE) par Zoom<\/p>\n<p><strong>Pour manifester votre int\u00e9r\u00eat \u00e0 participer et pour obtenir l\u2019acc\u00e8s \u00e0 cette rencontre, veuillez remplir le formulaire ci-dessous\u00a0:<\/strong><\/p>\n<style id=\"wpforms-css-vars-1011872\">\n\t\t\t\t#wpforms-1011872 {\n\t\t\t\t--wpforms-field-size-input-height: 43px;\n--wpforms-field-size-input-spacing: 15px;\n--wpforms-field-size-font-size: 16px;\n--wpforms-field-size-line-height: 19px;\n--wpforms-field-size-padding-h: 14px;\n--wpforms-field-size-checkbox-size: 16px;\n--wpforms-field-size-sublabel-spacing: 5px;\n--wpforms-field-size-icon-size: 1;\n--wpforms-label-size-font-size: 16px;\n--wpforms-label-size-line-height: 19px;\n--wpforms-label-size-sublabel-font-size: 14px;\n--wpforms-label-size-sublabel-line-height: 17px;\n--wpforms-button-size-font-size: 17px;\n--wpforms-button-size-height: 41px;\n--wpforms-button-size-padding-h: 15px;\n--wpforms-button-size-margin-top: 10px;\n--wpforms-container-shadow-size-box-shadow: none;\n\t\t\t}\n\t\t\t<\/style><div class=\"wpforms-container wpforms-container-full wpforms-container-save-resume wpforms-render-modern\" id=\"wpforms-1011872\"><form id=\"wpforms-form-1011872\" class=\"wpforms-validate wpforms-form wpforms-ajax-form\" data-formid=\"1011872\" method=\"post\" enctype=\"multipart\/form-data\" action=\"\/fr\/wp-json\/wp\/v2\/pages\/1012323\" data-token=\"4bc1ac41448186c2527e282a8ef54b9c\" data-token-time=\"1776275455\"><noscript class=\"wpforms-error-noscript\">Please enable JavaScript in your browser to complete this form.<\/noscript><div id=\"wpforms-error-noscript\" style=\"display: none;\">Please enable JavaScript in your browser to complete this form.<\/div><div class=\"wpforms-field-container\"><div id=\"wpforms-1011872-field_1-container\" class=\"wpforms-field wpforms-field-name\" data-field-type=\"name\" data-field-id=\"1\"><label class=\"wpforms-field-label\" for=\"wpforms-1011872-field_1\">Nom <span class=\"wpforms-required-label\" aria-hidden=\"true\">*<\/span><\/label><input type=\"text\" id=\"wpforms-1011872-field_1\" class=\"wpforms-field-medium wpforms-field-required\" name=\"wpforms[fields][1]\" aria-errormessage=\"wpforms-1011872-field_1-error\" required><\/div><div id=\"wpforms-1011872-field_2-container\" class=\"wpforms-field wpforms-field-email\" data-field-type=\"email\" data-field-id=\"2\"><label class=\"wpforms-field-label\" for=\"wpforms-1011872-field_2\">Courriel <span class=\"wpforms-required-label\" aria-hidden=\"true\">*<\/span><\/label><input type=\"email\" id=\"wpforms-1011872-field_2\" class=\"wpforms-field-medium wpforms-field-required\" name=\"wpforms[fields][2]\" spellcheck=\"false\" aria-errormessage=\"wpforms-1011872-field_2-error\" required><\/div>\t\t<div id=\"wpforms-1011872-field_6-container\"\n\t\t\tclass=\"wpforms-field wpforms-field-text\"\n\t\t\tdata-field-type=\"text\"\n\t\t\tdata-field-id=\"6\"\n\t\t\t>\n\t\t\t<label class=\"wpforms-field-label\" for=\"wpforms-1011872-field_6\" >Section m\u2019identifie Je<\/label>\n\t\t\t<input type=\"text\" id=\"wpforms-1011872-field_6\" class=\"wpforms-field-medium\" name=\"wpforms[fields][6]\" >\n\t\t<\/div>\n\t\t<div id=\"wpforms-1011872-field_5-container\" class=\"wpforms-field wpforms-field-text\" data-field-type=\"text\" data-field-id=\"5\"><label class=\"wpforms-field-label\" for=\"wpforms-1011872-field_5\">Section locale <span class=\"wpforms-required-label\" aria-hidden=\"true\">*<\/span><\/label><input type=\"text\" id=\"wpforms-1011872-field_5\" class=\"wpforms-field-medium wpforms-field-required\" name=\"wpforms[fields][5]\" aria-errormessage=\"wpforms-1011872-field_5-error\" aria-describedby=\"wpforms-1011872-field_5-description\" required><div id=\"wpforms-1011872-field_5-description\" class=\"wpforms-field-description\">Veuillez noter que cette initiative vise les membres de la FIOE au Canada.<\/div><\/div><div id=\"wpforms-1011872-field_4-container\" class=\"wpforms-field wpforms-field-radio\" data-field-type=\"radio\" data-field-id=\"4\"><fieldset><legend class=\"wpforms-field-label\">Je m\u2019identifie comme (veuillez choisir une option) : <span class=\"wpforms-required-label\" aria-hidden=\"true\">*<\/span><\/legend><ul id=\"wpforms-1011872-field_4\" class=\"wpforms-field-required\"><li class=\"choice-1 depth-1\"><input type=\"radio\" id=\"wpforms-1011872-field_4_1\" name=\"wpforms[fields][4]\" value=\"Une\/un membre autochtone de la FIOE au Canada\" aria-errormessage=\"wpforms-1011872-field_4_1-error\" required ><label class=\"wpforms-field-label-inline\" for=\"wpforms-1011872-field_4_1\">Une\/un membre autochtone de la FIOE au Canada<\/label><\/li><li class=\"choice-2 depth-1\"><input type=\"radio\" id=\"wpforms-1011872-field_4_2\" name=\"wpforms[fields][4]\" value=\"Une alli\u00e9e\/un alli\u00e9 des membres autochtones\" aria-errormessage=\"wpforms-1011872-field_4_2-error\" required ><label class=\"wpforms-field-label-inline\" for=\"wpforms-1011872-field_4_2\">Une alli\u00e9e\/un alli\u00e9 des membres autochtones<\/label><\/li><\/ul><\/fieldset><\/div><div id=\"wpforms-1011872-field_3-container\" class=\"wpforms-field wpforms-field-textarea\" data-field-type=\"textarea\" data-field-id=\"3\"><label class=\"wpforms-field-label\" for=\"wpforms-1011872-field_3\">Commentaire ou message<\/label><textarea id=\"wpforms-1011872-field_3\" class=\"wpforms-field-medium\" name=\"wpforms[fields][3]\" aria-errormessage=\"wpforms-1011872-field_3-error\" ><\/textarea><\/div><script>\n\t\t\t\t( function() {\n\t\t\t\t\tconst style = document.createElement( 'style' );\n\t\t\t\t\tstyle.appendChild( document.createTextNode( '#wpforms-1011872-field_6-container { position: absolute !important; overflow: hidden !important; display: inline !important; height: 1px !important; width: 1px !important; z-index: -1000 !important; padding: 0 !important; } #wpforms-1011872-field_6-container input { visibility: hidden; } #wpforms-conversational-form-page #wpforms-1011872-field_6-container label { counter-increment: none; }' ) );\n\t\t\t\t\tdocument.head.appendChild( style );\n\t\t\t\t\tdocument.currentScript?.remove();\n\t\t\t\t} )();\n\t\t\t<\/script><\/div><!-- .wpforms-field-container --><div class=\"wpforms-submit-container\" ><input type=\"hidden\" name=\"wpforms[id]\" value=\"1011872\"><input type=\"hidden\" name=\"page_title\" value=\"\"><input type=\"hidden\" name=\"page_url\" value=\"https:\/\/www.ibewcanada.ca\/fr\/wp-json\/wp\/v2\/pages\/1012323\"><input type=\"hidden\" name=\"url_referer\" value=\"\"><div class=\"wpforms-field wpforms-field-name maspik-field\">\n                <label for=\"full-name-maspik-hp\" class=\"wpforms-field-label\">Leave this field empty<\/label>\n                <input size=\"1\" type=\"text\" autocomplete=\"off\" aria-hidden=\"true\" tabindex=\"-1\" aria-label=\"Leave this field empty\" name=\"full-name-maspik-hp\" id=\"full-name-maspik-hp\" class=\"wpforms-field-medium\" placeholder=\"Leave this field empty\">\n            <\/div><button type=\"submit\" name=\"wpforms[submit]\" id=\"wpforms-submit-1011872\" class=\"wpforms-submit\" data-alt-text=\"Sending...\" data-submit-text=\"soumettre\" aria-live=\"assertive\" value=\"wpforms-submit\">soumettre<\/button><img decoding=\"async\" src=\"https:\/\/www.ibewcanada.ca\/wp-content\/plugins\/wpforms\/assets\/images\/submit-spin.svg\" class=\"wpforms-submit-spinner\" style=\"display: none;\" width=\"26\" height=\"26\" alt=\"Loading\"><\/div><\/form><\/div>  <!-- .wpforms-container -->\n","protected":false},"excerpt":{"rendered":"<p>Le bureau du Premier District a mis en place un Cercle des Premi\u00e8res Nations, des M\u00e9tis et des Inuits \u00e0 l\u2019intention des membres de la FIOE qui d\u00e9sirent y participer. Le but de ce Cercle est de rassembler les membres du Canada, en favorisant un lieu o\u00f9 les voix et les id\u00e9es peuvent s\u2019exprimer pour&#8230;<\/p>\n","protected":false},"author":10,"featured_media":0,"parent":0,"menu_order":2,"comment_status":"closed","ping_status":"closed","template":"","meta":{"_acf_changed":false,"_genesis_hide_title":false,"_genesis_hide_breadcrumbs":false,"_genesis_hide_singular_image":false,"_genesis_hide_footer_widgets":false,"_genesis_custom_body_class":"","_genesis_custom_post_class":"","_genesis_layout":"","footnotes":""},"class_list":{"0":"post-1012323","1":"page","2":"type-page","3":"status-publish","5":"entry"},"translation":{"provider":"WPGlobus","version":"3.0.2","language":"fr","enabled_languages":["en","fr"],"languages":{"en":{"title":true,"content":true,"excerpt":false},"fr":{"title":true,"content":true,"excerpt":false}}},"acf":[],"_links":{"self":[{"href":"https:\/\/www.ibewcanada.ca\/fr\/wp-json\/wp\/v2\/pages\/1012323","targetHints":{"allow":["GET"]}}],"collection":[{"href":"https:\/\/www.ibewcanada.ca\/fr\/wp-json\/wp\/v2\/pages"}],"about":[{"href":"https:\/\/www.ibewcanada.ca\/fr\/wp-json\/wp\/v2\/types\/page"}],"author":[{"embeddable":true,"href":"https:\/\/www.ibewcanada.ca\/fr\/wp-json\/wp\/v2\/users\/10"}],"replies":[{"embeddable":true,"href":"https:\/\/www.ibewcanada.ca\/fr\/wp-json\/wp\/v2\/comments?post=1012323"}],"version-history":[{"count":5,"href":"https:\/\/www.ibewcanada.ca\/fr\/wp-json\/wp\/v2\/pages\/1012323\/revisions"}],"predecessor-version":[{"id":1012333,"href":"https:\/\/www.ibewcanada.ca\/fr\/wp-json\/wp\/v2\/pages\/1012323\/revisions\/1012333"}],"wp:attachment":[{"href":"https:\/\/www.ibewcanada.ca\/fr\/wp-json\/wp\/v2\/media?parent=1012323"}],"curies":[{"name":"wp","href":"https:\/\/api.w.org\/{rel}","templated":true}]}}