{"id":1010400,"date":"2025-04-10T15:10:32","date_gmt":"2025-04-10T19:10:32","guid":{"rendered":"https:\/\/www.ibewcanada.ca\/?page_id=1010400"},"modified":"2026-01-13T10:46:52","modified_gmt":"2026-01-13T15:46:52","slug":"political-action","status":"publish","type":"page","link":"https:\/\/www.ibewcanada.ca\/fr\/political-action\/","title":{"rendered":"L\u2019action politique"},"content":{"rendered":"<p>Le VPI Shewchuk \u00e9met une d\u00e9claration sur les r\u00e9sultats de l\u2019\u00e9lection f\u00e9d\u00e9rale<\/p>\n","protected":false},"excerpt":{"rendered":"<p>Le VPI Shewchuk \u00e9met une d\u00e9claration sur les r\u00e9sultats de l\u2019\u00e9lection f\u00e9d\u00e9rale<\/p>\n","protected":false},"author":10,"featured_media":0,"parent":0,"menu_order":11,"comment_status":"closed","ping_status":"closed","template":"elementor_theme","meta":{"_acf_changed":false,"_genesis_hide_title":false,"_genesis_hide_breadcrumbs":false,"_genesis_hide_singular_image":false,"_genesis_hide_footer_widgets":false,"_genesis_custom_body_class":"","_genesis_custom_post_class":"","_genesis_layout":"","footnotes":""},"class_list":{"0":"post-1010400","1":"page","2":"type-page","3":"status-publish","5":"entry"},"translation":{"provider":"WPGlobus","version":"3.0.2","language":"fr","enabled_languages":["en","fr"],"languages":{"en":{"title":true,"content":true,"excerpt":false},"fr":{"title":true,"content":true,"excerpt":false}}},"acf":[],"_links":{"self":[{"href":"https:\/\/www.ibewcanada.ca\/fr\/wp-json\/wp\/v2\/pages\/1010400","targetHints":{"allow":["GET"]}}],"collection":[{"href":"https:\/\/www.ibewcanada.ca\/fr\/wp-json\/wp\/v2\/pages"}],"about":[{"href":"https:\/\/www.ibewcanada.ca\/fr\/wp-json\/wp\/v2\/types\/page"}],"author":[{"embeddable":true,"href":"https:\/\/www.ibewcanada.ca\/fr\/wp-json\/wp\/v2\/users\/10"}],"replies":[{"embeddable":true,"href":"https:\/\/www.ibewcanada.ca\/fr\/wp-json\/wp\/v2\/comments?post=1010400"}],"version-history":[{"count":5,"href":"https:\/\/www.ibewcanada.ca\/fr\/wp-json\/wp\/v2\/pages\/1010400\/revisions"}],"predecessor-version":[{"id":1012111,"href":"https:\/\/www.ibewcanada.ca\/fr\/wp-json\/wp\/v2\/pages\/1010400\/revisions\/1012111"}],"wp:attachment":[{"href":"https:\/\/www.ibewcanada.ca\/fr\/wp-json\/wp\/v2\/media?parent=1010400"}],"curies":[{"name":"wp","href":"https:\/\/api.w.org\/{rel}","templated":true}]}}