{"id":1010205,"date":"2025-03-01T16:49:49","date_gmt":"2025-03-01T21:49:49","guid":{"rendered":"https:\/\/www.ibewcanada.ca\/?page_id=1010205"},"modified":"2026-04-01T09:52:18","modified_gmt":"2026-04-01T13:52:18","slug":"ibew-canada-international-womens-day-photo-contest","status":"publish","type":"page","link":"https:\/\/www.ibewcanada.ca\/fr\/ibew-canada-international-womens-day-photo-contest\/","title":{"rendered":"Concours photo de la FIOE Canada \u00e0 l\u2019occasion de la Journ\u00e9e internationale des femmes"},"content":{"rendered":"\n<h2 class=\"wp-block-heading has-text-align-center p1\"><b>C\u00e9l\u00e9brons les cons\u0153urs de la FIOE tout au long du mois de mars<\/b><\/h2>\n\n\n<div class=\"wp-block-image\">\n<figure class=\"aligncenter\"><img decoding=\"async\" src=\"https:\/\/www.ibewcanada.ca\/wp-content\/uploads\/2025\/03\/FR-Proudly-Sponsored-By-MILWAUKEE.png\" alt=\"\"\/><\/figure>\n<\/div>\n\n\n<p>Cette ann\u00e9e, la semaine des femmes dans la construction aura lieu \u00e0 compter du 1er au 7&nbsp;mars jusqu\u2019\u00e0 la Journ\u00e9e internationale des femmes, le samedi 8&nbsp;mars&nbsp;2026.<\/p>\n\n\n\n<p>Afin de souligner ces occasions, nous invitons les membres de la FIOE Canada \u00e0 envoyer des photos pour c\u00e9l\u00e9brer les r\u00e9alisations, la r\u00e9silience et la diversit\u00e9 de nos cons\u0153urs de la FIOE.<\/p>\n\n\n\n<p><strong>ADMISSIBILIT\u00c9&nbsp;:<\/strong> Ce concours est ouvert \u00e0 tous les membres actifs et retrait\u00e9s de la FIOE Canada.<\/p>\n\n\n\n<p><strong>EXIGENCES&nbsp;: <\/strong>les photos doivent pr\u00e9senter le th\u00e8me \u00ab&nbsp;Femmes dans la FIOE Canada&nbsp;\u00bb, mettant en vedette des membres de la FIOE au travail qui exercent une activit\u00e9 syndicale ou qui pr\u00e9sentent des sujets qui v\u00e9hiculent des images des industries que nous repr\u00e9sentons. &nbsp;Le nombre de photos est limit\u00e9 \u00e0 2 par participation.<\/p>\n\n\n\n<p><strong>DATE LIMITE&nbsp;: mardi <\/strong><strong>31 mars 2026 \u00e0 23&nbsp;h&nbsp;59 HP*<\/strong><\/p>\n\n\n\n<p>Ne manquez pas la chance de GAGNER des v\u00eatements de Milwaukee! <a href=\"https:\/\/www.milwaukeetool.ca\/fr\/produits\/work-gear\" target=\"_blank\" rel=\"noreferrer noopener\">Consultez leur catalogue ici<\/a>.<\/p>\n\n\n\n<p><strong>S\u00c9LECTION&nbsp;: <\/strong>10 finalistes seront choisis selon la cr\u00e9ativit\u00e9, la pertinence du th\u00e8me et l\u2019effet visuel. Les finalistes et les personnes gagnantes seront mis en vedette sur le site Web de la FIOE Canada et sur tous nos m\u00e9dias sociaux.<\/p>\n\n\n\n<p><strong>PRIX&nbsp;:<\/strong> Les 10 finalistes recevront un v\u00eatement de la gamme de v\u00eatements de Milwaukee; notamment, de leur nouvelle gamme de v\u00eatements de travail r\u00e9cemment lanc\u00e9e pour femmes. Les 3&nbsp;premiers finalistes recevront un article vestimentaire de plus grande valeur ajout\u00e9e*.<\/p>\n\n\n\n<p><em><em>*Les prix finaux seront d\u00e9termin\u00e9s en fonction de la taille et de la disponibilit\u00e9 du stock. Les personnes gagnantes seront contact\u00e9es pour d\u00e9terminer la disponibilit\u00e9 des articles en fonction du style et de la taille.<\/em><\/em><\/p>\n\n\n\n<p>Plus en savoir plus sur Milwaukee Tool (y compris la gamme v\u00eatements pour femmes) visitez <a href=\"https:\/\/www.milwaukeetool.ca\/fr\" target=\"_blank\" rel=\"noreferrer noopener\">milwaukeetool.ca\/fr<\/a>.<\/p>\n\n\n\n<p>Une copie des <a href=\"https:\/\/www.ibewcanada.ca\/wp-content\/uploads\/2026\/03\/FR-Rules-Women-in-IBEW-Canada-Photo-Contest_2026.pdf\" target=\"_blank\" rel=\"noreferrer noopener\"><em>r\u00e8glements du concours photo\/des directives<\/em><\/a> est jointe \u00e0 des fins de consultation et doit \u00eatre consult\u00e9e avant d\u2019envoyer vos photos.<\/p>\n\n\n\n<h2 class=\"wp-block-heading\">Gagnantes du 2025<\/h2>\n\n\n\n<!-- start Image Accordion -->\n\t\t<link id='font-awesome-css' href='https:\/\/www.ibewcanada.ca\/wp-content\/plugins\/unlimited-elements\/assets_libraries\/font-awesome6\/fontawesome-all.min.css' type='text\/css' rel='stylesheet' >\n\t\t<link id='font-awesome-4-shim-css' href='https:\/\/www.ibewcanada.ca\/wp-content\/plugins\/unlimited-elements\/assets_libraries\/font-awesome6\/fontawesome-v4-shims.min.css' type='text\/css' rel='stylesheet' >\n\t\t<link id='uc_fonts_googleapis_com_css_display_swap_family_montserrat_100_100i_200_200i_300_300i_400_400i_500_500i_600_600i_700_700i_800_800i_900_900i-css' href='https:\/\/fonts.googleapis.com\/css?display=swap&#038;family=Montserrat:100,100i,200,200i,300,300i,400,400i,500,500i,600,600i,700,700i,800,800i,900,900i' type='text\/css' rel='stylesheet' >\n\t\t<link id='uc_fonts_googleapis_com_css_display_swap_family_open_sans_100_100i_200_200i_300_300i_400_400i_500_500i_600_600i_700_700i_800_800i_900_900i-css' href='https:\/\/fonts.googleapis.com\/css?display=swap&#038;family=Open+Sans:100,100i,200,200i,300,300i,400,400i,500,500i,600,600i,700,700i,800,800i,900,900i' type='text\/css' rel='stylesheet' >\n\n<style>\/* block: Image Accordion *\/\n\n\n\n#uc_image_accodion_elementor19890 * { \n\tbox-sizing: border-box; \n}\n\n#uc_image_accodion_elementor19890.uc_image_accodion .uc_content .uc_image_accodion_holder{\n  \ttransition: 1000ms;\n}\n\n#uc_image_accodion_elementor19890  a.uc_more_btn{\n  display:inline-block;\n  text-decoration:none; \n}\n\n#uc_image_accodion_elementor19890 .uc_content{\n\tdisplay: flex;\n\tflex-wrap: wrap;\n    transform:rotate(0deg);\n}\n\n#uc_image_accodion_elementor19890 .uc_content .uc_image_accodion_holder{\n\tdisplay: block;\n\tbackground-repeat: no-repeat;\n\tflex: 1;\n\ttext-align: center;\n\tposition: relative;\n\ttext-decoration: none;\n\ttransition: 1000ms;\n    overflow:hidden;\n    transform:skew(0deg);\n}\n\n#uc_image_accodion_elementor19890 .uc_content .uc_image_accodion_holder.uc_hover{\n\tflex: 2;\n}\n\n#uc_image_accodion_elementor19890 .uc_content .uc_image_accodion_holder .uc_overlay > * {\n    transform:skew(-0deg) rotate(-0deg);\n}\n\n#uc_image_accodion_elementor19890 .uc_content .uc_image_accodion_holder .uc_overlay {\n    display: flex;\n    justify-content: center;\n    position: absolute;\n    top: 0;\n    right: 0;\n    bottom: 0;\n    left: 0;\n    transition:1000ms;\n}\n\n#uc_image_accodion_elementor19890 .uc_content .uc_overlay .uc_overlay_inner {\n    z-index: 1;\n}\n\n#uc_image_accodion_elementor19890 .uc_content .uc_overlay .ue_title-wrapper {   \n\topacity: 0;\n    visibility: hidden;\n}\n\n#uc_image_accodion_elementor19890 .uc_content .uc_image_accodion_holder.uc_hover .ue_title-wrapper {\n    opacity: 1;\n    visibility: visible;\n    transition: 1000ms;\n}\n\n  #uc_image_accodion_elementor19890 .uc_content .uc_image_accodion_holder .uc_overlay .uc_overlay_inner .ue_title-wrapper {\n      opacity: 1;\n      visibility: visible;\n      transition: 1000ms;\n  }\n\n#uc_image_accodion_elementor19890 .uc_content .uc_overlay .uc_overlay_inner div.ue-content {\n\ttransform: translate3d(0,60px,0);\n\topacity: 0;\n    visibility: hidden;\n}\n\n#uc_image_accodion_elementor19890 .uc_content .uc_image_accodion_holder.uc_hover .uc_overlay .uc_overlay_inner div.ue-content {\n    opacity: 1;\n    visibility: visible;\n    transform: none;\n    transition: 1000ms;\n}\n\n\n\n#uc_image_accodion_elementor19890 .ue_item_icon{\n  line-height:1em;\n}\n\n#uc_image_accodion_elementor19890 .ue_item_icon svg{\n  height:1em;\n  width:1em;\n}\n\n#uc_image_accodion_elementor19890 .ue_subtitle{\n  display:block;\n}\n\n\n#uc_image_accodion_elementor19890 .uc_item_link{\n  position: absolute;\n  top: 0;\n  left: ;\n  width: 100%;\n  height: 100%;\n  display: block;\n  z-index: 1;\n}\n  #uc_image_accodion_elementor19890 .ue_title-wrapper {\n      transition: all 1000ms;\n  }\n\n@media only screen and (max-width:800px){\n  #uc_image_accodion_elementor19890 .uc_content {\n    flex-direction: column;\n  }\n}\/* Gutenberg Global *\/\n.ue-widget-root {position:relative;}html .wp-block:has(.ue-widget-root) {margin-top: 0; margin-bottom:0;}\n\n<\/style>\n<style id=\"selectors_css_uc_image_accodion_elementor19890\" name=\"uc_selectors_css\">.ue-widget-root.uc_image_accodion_elementor19890-root .uc_image_accodion_holder,.ue-widget-root.uc_image_accodion_elementor19890-root .uc_content{height: 50vh;}.ue-widget-root.uc_image_accodion_elementor19890-root .uc_overlay{background-color:rgba(0, 0, 0, 0.42);}.ue-widget-root.uc_image_accodion_elementor19890-root .uc_image_accodion_holder.uc_hover .uc_overlay{background-color:rgba(0, 0, 0, 0);}.ue-widget-root.uc_image_accodion_elementor19890-root .uc_more_btn{padding-top:10px;padding-right:20px;padding-bottom:10px;padding-left:20px;}.ue-widget-root.uc_image_accodion_elementor19890-root .uc_more_btn{color:#ffffff;}.ue-widget-root.uc_image_accodion_elementor19890-root .uc_more_btn:hover{color:#ffffff;}.ue-widget-root.uc_image_accodion_elementor19890-root .uc_more_btn{margin-top: 10px;}.ue-widget-root.uc_image_accodion_elementor19890-root .uc_more_btn{border-style:solid;}.ue-widget-root.uc_image_accodion_elementor19890-root .uc_more_btn{border-color:#ffffff;}.ue-widget-root.uc_image_accodion_elementor19890-root .uc_more_btn{border-top-width:1px;border-right-width:1px;border-bottom-width:1px;border-left-width:1px;}.ue-widget-root.uc_image_accodion_elementor19890-root .uc_more_btn{border-radius: 0px;}.ue-widget-root.uc_image_accodion_elementor19890-root .ue_title{color:#ffffff;}.ue-widget-root.uc_image_accodion_elementor19890-root .ue_title{font-family:Montserrat;}.ue-widget-root.uc_image_accodion_elementor19890-root .ue_subtitle{color:#ffffff;}.ue-widget-root.uc_image_accodion_elementor19890-root .ue_subtitle{font-family:Open Sans;text-transform:uppercase;}.ue-widget-root.uc_image_accodion_elementor19890-root .ue_title-wrapper{margin-top: 10px;}.ue-widget-root.uc_image_accodion_elementor19890-root .uc_overlay{padding-top:20px;padding-right:20px;padding-bottom:20px;padding-left:20px;}.ue-widget-root.uc_image_accodion_elementor19890-root .uc_overlay{align-items: center;}.ue-widget-root.uc_image_accodion_elementor19890-root .uc_content{gap: 0px;}.ue-widget-root.uc_image_accodion_elementor19890-root .ue_item_icon{font-size: 24px;}.ue-widget-root.uc_image_accodion_elementor19890-root .ue_item_icon{color:#ffffff;}.ue-widget-root.uc_image_accodion_elementor19890-root .ue_item_icon svg{fill:#ffffff;}.ue-widget-root.uc_image_accodion_elementor19890-root .ue_subtitle{margin-top: 0px;}.ue-widget-root.uc_image_accodion_elementor19890-root .ue_title-wrapper{transform: translate3d(0,40px,0);}.ue-widget-root.uc_image_accodion_elementor19890-root .uc_image_accodion_holder.uc_hover .uc_overlay_inner .ue_title-wrapper{transform: translate3d(0,-5px,0);}\n.uc_image_accodion_elementor19890-root {z-index: 0; margin: 0px; }<\/style>\n<div id=\"uc_image_accodion_elementor19890-root\" class=\"ue-widget-root  uc_image_accodion_elementor19890-root\" data-id=\"uc_image_accodion_elementor19890\">\n\n<div class=\"uc_image_accodion uc_creative_buttons  \" id=\"uc_image_accodion_elementor19890\" data-mobilestart=\"\"  >\n  <div class=\"uc_content uc-items-wrapper\">\n    \n\n<div class=\"uc_image_accodion_holder \"  style=\"overflow:hidden;background-image: url(https:\/\/www.ibewcanada.ca\/wp-content\/uploads\/2025\/05\/Nicole-Whitford-LU-1574-Line-Work-768x485.jpg); background-position:center center; background-size:cover;\" >\n  <div class=\"uc_overlay\">\n    <div class=\"uc_overlay_inner\">\n                        <div class=\"ue_title-wrapper\"><div class=\"ue_title\"> 1er Place <\/div><\/div>\t\n             \n             \n                          <div class=\"ue-content\"> \n             <div class=\"ue_subtitle\"><span>Nicole Whitford &#8211; LU 1574<\/span> <\/div>                          <\/div>\n                           \n          \n                 \t\t\n    <\/div>\n  <\/div>\n  \n      \n<\/div>\n\n\n<div class=\"uc_image_accodion_holder \"  style=\"overflow:hidden;background-image: url(https:\/\/www.ibewcanada.ca\/wp-content\/uploads\/2025\/05\/Dayna-Gill-LU-258-Hobart-Bargaing-scaled-e1748467345611-768x534.jpg); background-position:right center; background-size:cover;\" >\n  <div class=\"uc_overlay\">\n    <div class=\"uc_overlay_inner\">\n                        <div class=\"ue_title-wrapper\"><div class=\"ue_title\"> 2e Place <\/div><\/div>\t\n             \n             \n                          <div class=\"ue-content\"> \n             <div class=\"ue_subtitle\"><span>D. Gill &#038; M. LUPOURINI &#8211; LU 258<\/span> <\/div>                          <\/div>\n                           \n          \n                 \t\t\n    <\/div>\n  <\/div>\n  \n      \n<\/div>\n\n\n<div class=\"uc_image_accodion_holder \"  style=\"overflow:hidden;background-image: url(https:\/\/www.ibewcanada.ca\/wp-content\/uploads\/2025\/05\/Stacy-Taylor-LU-625-Battery-Soldering-scaled-e1748467999333-768x597.jpg); background-position:center center; background-size:cover;\" >\n  <div class=\"uc_overlay\">\n    <div class=\"uc_overlay_inner\">\n                        <div class=\"ue_title-wrapper\"><div class=\"ue_title\"> 3e Place <\/div><\/div>\t\n             \n             \n                          <div class=\"ue-content\"> \n             <div class=\"ue_subtitle\"><span>Stacy Taylor &#8211; LU 258<\/span> <\/div>                          <\/div>\n                           \n          \n                 \t\t\n    <\/div>\n  <\/div>\n  \n      \n<\/div>\n\n  <\/div>\n<\/div>\n<\/div>\n<!-- end Image Accordion -->\n\n\n<h2 class=\"wp-block-heading\">PARTICIPER MAINTENANT<\/h2>\n\n\n\n\n\n\n\n<p>La p\u00e9riode de soumission est termin\u00e9e.<\/p>\n\n\n\n<p><\/p>\n","protected":false},"excerpt":{"rendered":"<p>C\u00e9l\u00e9brons les cons\u0153urs de la FIOE tout au long du mois de mars Cette ann\u00e9e, la semaine des femmes dans la construction aura lieu \u00e0 compter du 1er au 7&nbsp;mars jusqu\u2019\u00e0 la Journ\u00e9e internationale des femmes, le samedi 8&nbsp;mars&nbsp;2026. Afin de souligner ces occasions, nous invitons les membres de la FIOE Canada \u00e0 envoyer des&#8230;<\/p>\n","protected":false},"author":10,"featured_media":1010239,"parent":0,"menu_order":12,"comment_status":"closed","ping_status":"closed","template":"elementor_theme","meta":{"_acf_changed":false,"_genesis_hide_title":false,"_genesis_hide_breadcrumbs":false,"_genesis_hide_singular_image":false,"_genesis_hide_footer_widgets":false,"_genesis_custom_body_class":"","_genesis_custom_post_class":"","_genesis_layout":"","footnotes":""},"class_list":{"0":"post-1010205","1":"page","2":"type-page","3":"status-publish","4":"has-post-thumbnail","6":"entry"},"translation":{"provider":"WPGlobus","version":"3.0.2","language":"fr","enabled_languages":["en","fr"],"languages":{"en":{"title":true,"content":true,"excerpt":false},"fr":{"title":true,"content":true,"excerpt":false}}},"acf":[],"_links":{"self":[{"href":"https:\/\/www.ibewcanada.ca\/fr\/wp-json\/wp\/v2\/pages\/1010205","targetHints":{"allow":["GET"]}}],"collection":[{"href":"https:\/\/www.ibewcanada.ca\/fr\/wp-json\/wp\/v2\/pages"}],"about":[{"href":"https:\/\/www.ibewcanada.ca\/fr\/wp-json\/wp\/v2\/types\/page"}],"author":[{"embeddable":true,"href":"https:\/\/www.ibewcanada.ca\/fr\/wp-json\/wp\/v2\/users\/10"}],"replies":[{"embeddable":true,"href":"https:\/\/www.ibewcanada.ca\/fr\/wp-json\/wp\/v2\/comments?post=1010205"}],"version-history":[{"count":5,"href":"https:\/\/www.ibewcanada.ca\/fr\/wp-json\/wp\/v2\/pages\/1010205\/revisions"}],"predecessor-version":[{"id":1012482,"href":"https:\/\/www.ibewcanada.ca\/fr\/wp-json\/wp\/v2\/pages\/1010205\/revisions\/1012482"}],"wp:featuredmedia":[{"embeddable":true,"href":"https:\/\/www.ibewcanada.ca\/fr\/wp-json\/wp\/v2\/media\/1010239"}],"wp:attachment":[{"href":"https:\/\/www.ibewcanada.ca\/fr\/wp-json\/wp\/v2\/media?parent=1010205"}],"curies":[{"name":"wp","href":"https:\/\/api.w.org\/{rel}","templated":true}]}}