{"id":1000450,"date":"2017-02-10T08:22:13","date_gmt":"2017-02-10T08:22:13","guid":{"rendered":"https:\/\/www.ibewcanada.ca\/?page_id=1000450"},"modified":"2025-11-24T10:59:32","modified_gmt":"2025-11-24T15:59:32","slug":"how-to-get-organized","status":"publish","type":"page","link":"https:\/\/www.ibewcanada.ca\/fr\/how-to-get-organized\/","title":{"rendered":"Comment se syndiquer"},"content":{"rendered":"<p>&nbsp;<\/p>\n<p>Vous cherchez \u00e0 faire une carri\u00e8re professionnelle dans l\u2019industrie de l\u2019\u00e9lectricit\u00e9 ?<\/p>\n<p>Ou cherchez-vous \u00e0 am\u00e9liorer les conditions de votre emploi actuel ? Vous cherchez un juste salaire, des avantages sociaux, une occasion de grandir ? Le respect en milieu de travail ?<\/p>\n<p>La FIOE est la plus importante organisation des travailleurs en \u00e9lectricit\u00e9. C\u2019est un syndicat qui regroupe 750\u00a0000 travailleuses et travailleurs en Am\u00e9rique du Nord. Nos membres travaillent dans presque tous les secteurs de l\u2019\u00e9conomie, tels que\u00a0: la construction, les services publics, les t\u00e9l\u00e9communications, la t\u00e9l\u00e9diffusion, les chemins de fer et le gouvernement.<\/p>\n<p>Fond\u00e9e en 1891, nous avons m\u00e9rit\u00e9 notre r\u00e9putation d\u2019\u00eatre le plus ancien, le plus grand et d\u2019\u00eatre le syndicat le plus professionnel en \u00e9lectricit\u00e9 au monde. Nous sommes pr\u00e9sents sur les chantiers de construction, les centrales \u00e9lectriques, les manufactures, les bureaux, les chantiers navals, les studios de t\u00e9l\u00e9vision et les terrains ferroviaires.<\/p>\n<p>Nous savons que la force r\u00e9side dans le nombre et nous avons un chemin qui a fait ses preuves pour obtenir des r\u00e9sultats.<\/p>\n<p>En garantissant un bon salaire, des avantages sociaux consid\u00e9rables, des milieux de travail s\u00e9curitaire, notre syndicat contribue \u00e0 construire un meilleur chemin pour tous les travailleurs de la classe moyenne.<\/p>\n<p>&nbsp;<\/p>\n<p><a href=\"https:\/\/ibewyes.org\/\">Cliquez ici pour savoir comment en faire partie<\/a> (anglais seulement)<\/p>\n","protected":false},"excerpt":{"rendered":"<p>&nbsp; Vous cherchez \u00e0 faire une carri\u00e8re professionnelle dans l\u2019industrie de l\u2019\u00e9lectricit\u00e9 ? Ou cherchez-vous \u00e0 am\u00e9liorer les conditions de votre emploi actuel ? Vous cherchez un juste salaire, des avantages sociaux, une occasion de grandir ? Le respect en milieu de travail ? La FIOE est la plus importante organisation des travailleurs en \u00e9lectricit\u00e9&#8230;.<\/p>\n","protected":false},"author":10,"featured_media":0,"parent":0,"menu_order":32,"comment_status":"closed","ping_status":"closed","template":"","meta":{"_acf_changed":false,"_genesis_hide_title":false,"_genesis_hide_breadcrumbs":false,"_genesis_hide_singular_image":false,"_genesis_hide_footer_widgets":false,"_genesis_custom_body_class":"","_genesis_custom_post_class":"","_genesis_layout":"","footnotes":""},"class_list":{"0":"post-1000450","1":"page","2":"type-page","3":"status-publish","5":"entry"},"translation":{"provider":"WPGlobus","version":"3.0.2","language":"fr","enabled_languages":["en","fr"],"languages":{"en":{"title":true,"content":true,"excerpt":false},"fr":{"title":true,"content":true,"excerpt":false}}},"acf":[],"_links":{"self":[{"href":"https:\/\/www.ibewcanada.ca\/fr\/wp-json\/wp\/v2\/pages\/1000450","targetHints":{"allow":["GET"]}}],"collection":[{"href":"https:\/\/www.ibewcanada.ca\/fr\/wp-json\/wp\/v2\/pages"}],"about":[{"href":"https:\/\/www.ibewcanada.ca\/fr\/wp-json\/wp\/v2\/types\/page"}],"author":[{"embeddable":true,"href":"https:\/\/www.ibewcanada.ca\/fr\/wp-json\/wp\/v2\/users\/10"}],"replies":[{"embeddable":true,"href":"https:\/\/www.ibewcanada.ca\/fr\/wp-json\/wp\/v2\/comments?post=1000450"}],"version-history":[{"count":5,"href":"https:\/\/www.ibewcanada.ca\/fr\/wp-json\/wp\/v2\/pages\/1000450\/revisions"}],"predecessor-version":[{"id":1010648,"href":"https:\/\/www.ibewcanada.ca\/fr\/wp-json\/wp\/v2\/pages\/1000450\/revisions\/1010648"}],"wp:attachment":[{"href":"https:\/\/www.ibewcanada.ca\/fr\/wp-json\/wp\/v2\/media?parent=1000450"}],"curies":[{"name":"wp","href":"https:\/\/api.w.org\/{rel}","templated":true}]}}